{"id":5456,"date":"2025-07-16T16:16:25","date_gmt":"2025-07-16T16:16:25","guid":{"rendered":"https:\/\/floristeriatrevol.com\/botiga\/acustic-y-flores\/"},"modified":"2025-07-16T16:32:10","modified_gmt":"2025-07-16T16:32:10","slug":"acustic-y-flores","status":"publish","type":"product","link":"https:\/\/floristeriatrevol.com\/es\/botiga\/acustic-y-flores\/","title":{"rendered":"Ac\u00fastic y flores"},"content":{"rendered":"<p>Regalo elegante y sabroso. Composici\u00f3n Floral con Vino y Flores. El conjunto va dentro de una caja, y la flor principal que le acompa\u00f1a, son las rosas rojas. Ac\u00fastic, es un DO Montsant del 2021. Un vino de vi\u00f1edos viejos nobles de cari\u00f1ena y garnacha tinta. Envejecido 10 meses en roble franc\u00e9s. Un regalo original y elegante, ideal para combinar el placer de todos los sentidos. Ideal para un cumplea\u00f1os, para un agradecimiento o cualquier ocasi\u00f3n donde se quiera hacer un detalle con un punto de distinci\u00f3n.<\/p>\n<p>Si deseas personalizar su composici\u00f3n Ac\u00fastic, contacta con nosotros y podemos cambiar el color de las flores o adaptar la composici\u00f3n con tus preferencias.<\/p>\n<p>&nbsp;<\/p>\n","protected":false},"excerpt":{"rendered":"<p>Composici\u00f3n Floral con Vino y Flores. El conjunto va dentro de una caja, y la flor principal que le acompa\u00f1a, son las rosas rojas. Ac\u00fastico, es un DO Montsant del 2021. Un vino de vi\u00f1edos viejos nobles de cari\u00f1ena y garnacha tinta. Envejecido 10 meses en roble franc\u00e9s. Un regalo original y elegante, ideal para combinar el placer de todos los sentidos.<\/p>\n<p>&nbsp;<\/p>\n<p>&nbsp;<\/p>\n","protected":false},"featured_media":5444,"template":"","meta":{"_joinchat":[]},"product_brand":[],"product_cat":[502,499],"product_tag":[508,174,507,330,503],"class_list":{"0":"post-5456","1":"product","2":"type-product","3":"status-publish","4":"has-post-thumbnail","6":"product_cat-floresvinos-es","7":"product_cat-floresvinos","8":"product_tag-enviar-flores","9":"product_tag-flores","10":"product_tag-flores-y-vino","11":"product_tag-regalo-original","12":"product_tag-vino","14":"first","15":"instock","16":"featured","17":"taxable","18":"shipping-taxable","19":"purchasable","20":"product-type-simple"},"_links":{"self":[{"href":"https:\/\/floristeriatrevol.com\/es\/wp-json\/wp\/v2\/product\/5456","targetHints":{"allow":["GET"]}}],"collection":[{"href":"https:\/\/floristeriatrevol.com\/es\/wp-json\/wp\/v2\/product"}],"about":[{"href":"https:\/\/floristeriatrevol.com\/es\/wp-json\/wp\/v2\/types\/product"}],"wp:featuredmedia":[{"embeddable":true,"href":"https:\/\/floristeriatrevol.com\/es\/wp-json\/wp\/v2\/media\/5444"}],"wp:attachment":[{"href":"https:\/\/floristeriatrevol.com\/es\/wp-json\/wp\/v2\/media?parent=5456"}],"wp:term":[{"taxonomy":"product_brand","embeddable":true,"href":"https:\/\/floristeriatrevol.com\/es\/wp-json\/wp\/v2\/product_brand?post=5456"},{"taxonomy":"product_cat","embeddable":true,"href":"https:\/\/floristeriatrevol.com\/es\/wp-json\/wp\/v2\/product_cat?post=5456"},{"taxonomy":"product_tag","embeddable":true,"href":"https:\/\/floristeriatrevol.com\/es\/wp-json\/wp\/v2\/product_tag?post=5456"}],"curies":[{"name":"wp","href":"https:\/\/api.w.org\/{rel}","templated":true}]}}