{"id":5439,"date":"2025-07-16T15:21:44","date_gmt":"2025-07-16T15:21:44","guid":{"rendered":"https:\/\/floristeriatrevol.com\/botiga\/juana-flores\/"},"modified":"2025-07-16T15:50:18","modified_gmt":"2025-07-16T15:50:18","slug":"juana-flores","status":"publish","type":"product","link":"https:\/\/floristeriatrevol.com\/es\/botiga\/juana-flores\/","title":{"rendered":"Joana &#038; Flores"},"content":{"rendered":"<p>Composici\u00f3n Floral con Vino y Flores. El conjunto va en una base r\u00fastica, y combina rosas rojas con flor de temporada. Joana, de Bodegas San Rafael, es un DO Montsant, de 2022. Definido como un \u201cvino que nos aporta una explosi\u00f3n arom\u00e1tica de flores y de fruta fresca. Directo, sabroso, descarado pero amable.\u201d Un regalo original, ideal para combinar el placer de todos los sentidos.<\/p>\n<p>\u00bfQuieres personalizar tu regalo? Cont\u00e1ctanos y podemos hacer un cambio de colores o de flores o a\u00f1adir alg\u00fan complemento m\u00e1s a la composici\u00f3n.<\/p>\n<p>Hacemos repartos a diario en Reus, Tarragona y poblaciones cercanas.<\/p>\n","protected":false},"excerpt":{"rendered":"<p>Composici\u00f3n Floral con Vino y Flores. El conjunto va en una base r\u00fastica, y combina rosas rojas con flor de temporada. Joana es un DO Montsant, del 2022. Definido como un \u00abvino que nos aporta una explosi\u00f3n de flores y de fruta fresca. Directo, sabroso, descarado pero amable&#8230;\u00bb Un regalo original, ideal para combinar el placer de todos los sentidos.<\/p>\n<p>&nbsp;<\/p>\n<p>&nbsp;<\/p>\n<p>&nbsp;<\/p>\n","protected":false},"featured_media":5435,"template":"","meta":{"_joinchat":[]},"product_brand":[],"product_cat":[502,499],"product_tag":[174,161,330,503,504],"class_list":{"0":"post-5439","1":"product","2":"type-product","3":"status-publish","4":"has-post-thumbnail","6":"product_cat-floresvinos-es","7":"product_cat-floresvinos","8":"product_tag-flores","9":"product_tag-regalar-flores","10":"product_tag-regalo-original","11":"product_tag-vino","12":"product_tag-vino-y-flores","14":"first","15":"instock","16":"featured","17":"taxable","18":"shipping-taxable","19":"purchasable","20":"product-type-simple"},"_links":{"self":[{"href":"https:\/\/floristeriatrevol.com\/es\/wp-json\/wp\/v2\/product\/5439","targetHints":{"allow":["GET"]}}],"collection":[{"href":"https:\/\/floristeriatrevol.com\/es\/wp-json\/wp\/v2\/product"}],"about":[{"href":"https:\/\/floristeriatrevol.com\/es\/wp-json\/wp\/v2\/types\/product"}],"wp:featuredmedia":[{"embeddable":true,"href":"https:\/\/floristeriatrevol.com\/es\/wp-json\/wp\/v2\/media\/5435"}],"wp:attachment":[{"href":"https:\/\/floristeriatrevol.com\/es\/wp-json\/wp\/v2\/media?parent=5439"}],"wp:term":[{"taxonomy":"product_brand","embeddable":true,"href":"https:\/\/floristeriatrevol.com\/es\/wp-json\/wp\/v2\/product_brand?post=5439"},{"taxonomy":"product_cat","embeddable":true,"href":"https:\/\/floristeriatrevol.com\/es\/wp-json\/wp\/v2\/product_cat?post=5439"},{"taxonomy":"product_tag","embeddable":true,"href":"https:\/\/floristeriatrevol.com\/es\/wp-json\/wp\/v2\/product_tag?post=5439"}],"curies":[{"name":"wp","href":"https:\/\/api.w.org\/{rel}","templated":true}]}}