{"id":5162,"date":"2025-02-04T17:53:52","date_gmt":"2025-02-04T17:53:52","guid":{"rendered":"https:\/\/floristeriatrevol.com\/botiga\/cat-love\/"},"modified":"2025-02-04T20:05:02","modified_gmt":"2025-02-04T20:05:02","slug":"cat-love","status":"publish","type":"product","link":"https:\/\/floristeriatrevol.com\/es\/botiga\/cat-love\/","title":{"rendered":"Cat Love"},"content":{"rendered":"<p>Pieza artesasnal con la figura de un gatito negro. Con un enorme coraz\u00f3n rojo y una flor preservada, le convierten en un detalle muy original para regalar. La rosa preservada, se puede cambiar de color, o tambi\u00e9n tendr\u00edamos la opci\u00f3n de ponerla natural. Para pedidos personalizados, cont\u00e1ctenos.   <\/p>\n","protected":false},"excerpt":{"rendered":"<p>Gatito confeccionado artesanalmente con fieltro, muy original y divertido. Lleva una rosa roja preservada, que perdurar\u00e1 mucho tiempo intacto. <\/p>\n","protected":false},"featured_media":5161,"template":"","meta":{"_joinchat":[]},"product_brand":[],"product_cat":[124,140,141],"product_tag":[437,431,438,166],"class_list":{"0":"post-5162","1":"product","2":"type-product","3":"status-publish","4":"has-post-thumbnail","6":"product_cat-dia-de-la-madre","7":"product_cat-san-valnetin","8":"product_cat-sorpresas-romanticas","9":"product_tag-14-de-febrero","10":"product_tag-dia-de-los-enamorados","11":"product_tag-regalo-san-valentin","12":"product_tag-rosas-para-regalar","14":"first","15":"instock","16":"taxable","17":"shipping-taxable","18":"purchasable","19":"product-type-simple"},"_links":{"self":[{"href":"https:\/\/floristeriatrevol.com\/es\/wp-json\/wp\/v2\/product\/5162","targetHints":{"allow":["GET"]}}],"collection":[{"href":"https:\/\/floristeriatrevol.com\/es\/wp-json\/wp\/v2\/product"}],"about":[{"href":"https:\/\/floristeriatrevol.com\/es\/wp-json\/wp\/v2\/types\/product"}],"wp:featuredmedia":[{"embeddable":true,"href":"https:\/\/floristeriatrevol.com\/es\/wp-json\/wp\/v2\/media\/5161"}],"wp:attachment":[{"href":"https:\/\/floristeriatrevol.com\/es\/wp-json\/wp\/v2\/media?parent=5162"}],"wp:term":[{"taxonomy":"product_brand","embeddable":true,"href":"https:\/\/floristeriatrevol.com\/es\/wp-json\/wp\/v2\/product_brand?post=5162"},{"taxonomy":"product_cat","embeddable":true,"href":"https:\/\/floristeriatrevol.com\/es\/wp-json\/wp\/v2\/product_cat?post=5162"},{"taxonomy":"product_tag","embeddable":true,"href":"https:\/\/floristeriatrevol.com\/es\/wp-json\/wp\/v2\/product_tag?post=5162"}],"curies":[{"name":"wp","href":"https:\/\/api.w.org\/{rel}","templated":true}]}}