{"id":5151,"date":"2025-01-30T17:38:04","date_gmt":"2025-01-30T17:38:04","guid":{"rendered":"https:\/\/floristeriatrevol.com\/?post_type=product&#038;p=5151"},"modified":"2025-02-04T17:35:16","modified_gmt":"2025-02-04T17:35:16","slug":"totem-eres-mi-destino","status":"publish","type":"product","link":"https:\/\/floristeriatrevol.com\/es\/botiga\/totem-eres-mi-destino\/","title":{"rendered":"T\u00f3tem Eres mi destino"},"content":{"rendered":"<p>Cartel elaborado en madera, de forma artesanal. Con una frase que lo dice todo \u00abT&#8217;estimo, ets el meu dest\u00ed\u00bb. Regalo ideal para un d\u00eda como San Valent\u00edn. Lleva una rosa preservada roja, por tanto su duraci\u00f3n es muy larga. \u00bfPrefieres la rosa natural o de otro color? Contacta con nosotros y personaliza tu pedido. Tambi\u00e9n disponible con el escrito en castellano.<\/p>\n","protected":false},"excerpt":{"rendered":"<p>Regalo original, con rosa roja, natural preservada. Ideal para San Valent\u00edn o para cualquier otra ocasi\u00f3n.<\/p>\n","protected":false},"featured_media":5150,"template":"","meta":{"_joinchat":[]},"product_brand":[],"product_cat":[135,140,141],"product_tag":[437,431,438,447],"class_list":{"0":"post-5151","1":"product","2":"type-product","3":"status-publish","4":"has-post-thumbnail","6":"product_cat-preservados-es","7":"product_cat-san-valnetin","8":"product_cat-sorpresas-romanticas","9":"product_tag-14-de-febrero","10":"product_tag-dia-de-los-enamorados","11":"product_tag-regalo-san-valentin","12":"product_tag-rosa-preservada-es","14":"first","15":"instock","16":"featured","17":"taxable","18":"shipping-taxable","19":"purchasable","20":"product-type-simple"},"_links":{"self":[{"href":"https:\/\/floristeriatrevol.com\/es\/wp-json\/wp\/v2\/product\/5151","targetHints":{"allow":["GET"]}}],"collection":[{"href":"https:\/\/floristeriatrevol.com\/es\/wp-json\/wp\/v2\/product"}],"about":[{"href":"https:\/\/floristeriatrevol.com\/es\/wp-json\/wp\/v2\/types\/product"}],"wp:featuredmedia":[{"embeddable":true,"href":"https:\/\/floristeriatrevol.com\/es\/wp-json\/wp\/v2\/media\/5150"}],"wp:attachment":[{"href":"https:\/\/floristeriatrevol.com\/es\/wp-json\/wp\/v2\/media?parent=5151"}],"wp:term":[{"taxonomy":"product_brand","embeddable":true,"href":"https:\/\/floristeriatrevol.com\/es\/wp-json\/wp\/v2\/product_brand?post=5151"},{"taxonomy":"product_cat","embeddable":true,"href":"https:\/\/floristeriatrevol.com\/es\/wp-json\/wp\/v2\/product_cat?post=5151"},{"taxonomy":"product_tag","embeddable":true,"href":"https:\/\/floristeriatrevol.com\/es\/wp-json\/wp\/v2\/product_tag?post=5151"}],"curies":[{"name":"wp","href":"https:\/\/api.w.org\/{rel}","templated":true}]}}