{"id":3520,"date":"2023-02-10T12:54:39","date_gmt":"2023-02-10T12:54:39","guid":{"rendered":"http:\/\/floristeriatrevol.com\/botiga\/bouquet-de-12-rosas-rojas\/"},"modified":"2024-04-25T12:33:26","modified_gmt":"2024-04-25T12:33:26","slug":"bouquet-de-12-rosas-rojas","status":"publish","type":"product","link":"https:\/\/floristeriatrevol.com\/es\/botiga\/bouquet-de-12-rosas-rojas\/","title":{"rendered":"Ramo de 12 rosas rojas"},"content":{"rendered":"<p>Ramo de 12 rosas rojas, con verdes y envoltorio rojo. Unas rosas rojas, simbolizan el amor y la pasi\u00f3n, en una fecha especial como San Valent\u00edn. Las podemos preparar para recoger en nuestra tienda o hacerlas llegar a domicilio.<\/p>\n<p>\u00a1A\u00f1ade un complemento para hacer tu ramo m\u00e1s especial!!<\/p>\n","protected":false},"excerpt":{"rendered":"<p>Bouquet de 12 rosas rojas. Acompa\u00f1adas con distintos verdes, y con evoltorio rojo. El ramo de 12 rosas rojas, es una apuesta segura para un d\u00eda especial. Las rosas rojas simbolizan amor y pasi\u00f3n. \u00bfQuieres hacer tu regalo a\u00fan m\u00e1s bonito? A\u00f1ade una botella de cava, un peluche, unos bombones, o un pick con una frase rom\u00e1ntica. \u00a1Complementa tu regalo! Podemos preparar tu ramo de rosas para recoger en tienda o para entregar a domicilio.<\/p>\n<p>Visita la secci\u00f3n de ramos de rosas para ver otros tipos de presentaci\u00f3n.<\/p>\n","protected":false},"featured_media":3516,"template":"","meta":{"_joinchat":[]},"product_brand":[],"product_cat":[140,224,137,139],"product_tag":[458,192,161,195,455],"class_list":{"0":"post-3520","1":"product","2":"type-product","3":"status-publish","4":"has-post-thumbnail","6":"product_cat-san-valnetin","7":"product_cat-ramos","8":"product_cat-ramos-de-rosas","9":"product_cat-sant-jordi-es","10":"product_tag-enviar-flores-a-domicilio","11":"product_tag-ramo-de-rosas","12":"product_tag-regalar-flores","13":"product_tag-rosas-rojas","14":"product_tag-rosas-san-valentin","16":"first","17":"instock","18":"taxable","19":"shipping-taxable","20":"purchasable","21":"product-type-simple"},"_links":{"self":[{"href":"https:\/\/floristeriatrevol.com\/es\/wp-json\/wp\/v2\/product\/3520","targetHints":{"allow":["GET"]}}],"collection":[{"href":"https:\/\/floristeriatrevol.com\/es\/wp-json\/wp\/v2\/product"}],"about":[{"href":"https:\/\/floristeriatrevol.com\/es\/wp-json\/wp\/v2\/types\/product"}],"wp:featuredmedia":[{"embeddable":true,"href":"https:\/\/floristeriatrevol.com\/es\/wp-json\/wp\/v2\/media\/3516"}],"wp:attachment":[{"href":"https:\/\/floristeriatrevol.com\/es\/wp-json\/wp\/v2\/media?parent=3520"}],"wp:term":[{"taxonomy":"product_brand","embeddable":true,"href":"https:\/\/floristeriatrevol.com\/es\/wp-json\/wp\/v2\/product_brand?post=3520"},{"taxonomy":"product_cat","embeddable":true,"href":"https:\/\/floristeriatrevol.com\/es\/wp-json\/wp\/v2\/product_cat?post=3520"},{"taxonomy":"product_tag","embeddable":true,"href":"https:\/\/floristeriatrevol.com\/es\/wp-json\/wp\/v2\/product_tag?post=3520"}],"curies":[{"name":"wp","href":"https:\/\/api.w.org\/{rel}","templated":true}]}}