{"id":3517,"date":"2023-02-10T12:30:08","date_gmt":"2023-02-10T12:30:08","guid":{"rendered":"http:\/\/floristeriatrevol.com\/botiga\/bouquet-6-rosas-rojas\/"},"modified":"2024-04-25T12:39:40","modified_gmt":"2024-04-25T12:39:40","slug":"bouquet-6-rosas-rojas","status":"publish","type":"product","link":"https:\/\/floristeriatrevol.com\/es\/botiga\/bouquet-6-rosas-rojas\/","title":{"rendered":"Bouquet 6 rosas rojas"},"content":{"rendered":"<p>Bouquet de 6 rosas rojas. Acompa\u00f1adas con distintos verdes, y con evoltorio rojo. El ramo de 6 rosas rojas, es una apuesta segura por un d\u00eda especial. Las rosas rojas simbolizan amor y pasi\u00f3n. \u00bfQuieres hacer tu regalo a\u00fan m\u00e1s bonito? A\u00f1ade una botella de cava, un peluche, unos bombones, o un pick con una frase rom\u00e1ntica \u00a1Complementa tu regalo! Podemos preparar tu ramo de rosas para recoger en tienda o para entregar a domicilio.<\/p>\n<p>Visita la secci\u00f3n de ramos de rosas para ver otros tipos de presentaci\u00f3n.<\/p>\n","protected":false},"excerpt":{"rendered":"<p>Ramo de rosas rojas, con verdes y envoltura roja. Unas rosas rojas, simbolizan el amor y la pasi\u00f3n, por una fecha especial como San Valent\u00edn. Las podemos preparar para recoger en nuestra tienda o hacerlas llegar a domicilio.<\/p>\n","protected":false},"featured_media":3514,"template":"","meta":{"_joinchat":[]},"product_brand":[],"product_cat":[140,224,137,139],"product_tag":[454,198,195,455],"class_list":{"0":"post-3517","1":"product","2":"type-product","3":"status-publish","4":"has-post-thumbnail","6":"product_cat-san-valnetin","7":"product_cat-ramos","8":"product_cat-ramos-de-rosas","9":"product_cat-sant-jordi-es","10":"product_tag-eviar-rosas-a-domicilio","11":"product_tag-rosas-a-domicilio","12":"product_tag-rosas-rojas","13":"product_tag-rosas-san-valentin","15":"first","16":"instock","17":"taxable","18":"shipping-taxable","19":"purchasable","20":"product-type-simple"},"_links":{"self":[{"href":"https:\/\/floristeriatrevol.com\/es\/wp-json\/wp\/v2\/product\/3517","targetHints":{"allow":["GET"]}}],"collection":[{"href":"https:\/\/floristeriatrevol.com\/es\/wp-json\/wp\/v2\/product"}],"about":[{"href":"https:\/\/floristeriatrevol.com\/es\/wp-json\/wp\/v2\/types\/product"}],"wp:featuredmedia":[{"embeddable":true,"href":"https:\/\/floristeriatrevol.com\/es\/wp-json\/wp\/v2\/media\/3514"}],"wp:attachment":[{"href":"https:\/\/floristeriatrevol.com\/es\/wp-json\/wp\/v2\/media?parent=3517"}],"wp:term":[{"taxonomy":"product_brand","embeddable":true,"href":"https:\/\/floristeriatrevol.com\/es\/wp-json\/wp\/v2\/product_brand?post=3517"},{"taxonomy":"product_cat","embeddable":true,"href":"https:\/\/floristeriatrevol.com\/es\/wp-json\/wp\/v2\/product_cat?post=3517"},{"taxonomy":"product_tag","embeddable":true,"href":"https:\/\/floristeriatrevol.com\/es\/wp-json\/wp\/v2\/product_tag?post=3517"}],"curies":[{"name":"wp","href":"https:\/\/api.w.org\/{rel}","templated":true}]}}