{"id":3427,"date":"2021-08-30T10:12:21","date_gmt":"2021-08-30T10:12:21","guid":{"rendered":"http:\/\/floristeriatrevol.com\/botiga\/bosque\/"},"modified":"2021-08-30T10:12:21","modified_gmt":"2021-08-30T10:12:21","slug":"bosque","status":"publish","type":"product","link":"https:\/\/floristeriatrevol.com\/es\/botiga\/bosque\/","title":{"rendered":"Bosque"},"content":{"rendered":"<p>Centro de plantas, conjunto de 3 plantas dos verdes y una con flor. Las plantas que pondremos en el centro Bosque pueden variar en funci\u00f3n de la temporada. Colocadas en una caja de madera, y con acabado r\u00fastico, este centro de plantas es perfecto para regalar, para decorar cualquier rinc\u00f3n de nuestra casa.<\/p>\n<p>Las plantas dentro de casa, nos aportan serenidad, y nos mantienen en contacto con la naturaleza. Mejoran el estado de \u00e1nimo y purifican el aire que respiramos. Mantener cuidado de nuestras plantas, regarlas y ver c\u00f3mo crecen es una excelente terapia con el estr\u00e9s.<\/p>\n<p>Para un perfecto mantenimiento, situar la caja de plantas, en un rinc\u00f3n donde reciba luz directa. Alejada de fuentes de fr\u00edo o calor, como aires acondicionados o calefacciones. Regar una vez por semana ser\u00e1 suficiente, para mantener su humedad.<\/p>\n","protected":false},"excerpt":{"rendered":"<p>Composici\u00f3n de plantas en caja de madera (el modelo de la caja puede variar), formando un peque\u00f1o jard\u00edn. Un punto de decoraci\u00f3n vegetal que nos acerca a la naturaleza. Las plantas son de temporada y pueden tener que sustituirse en funci\u00f3n de la \u00e9poca del a\u00f1o, aunque la composici\u00f3n siempre llevar\u00e1 dos plantas de hoja y una con flores.<\/p>\n<p>&nbsp;<\/p>\n","protected":false},"featured_media":2922,"template":"","meta":{"_joinchat":[]},"product_brand":[],"product_cat":[200,134],"product_tag":[392,145,278,391],"class_list":{"0":"post-3427","1":"product","2":"type-product","3":"status-publish","4":"has-post-thumbnail","6":"product_cat-sin-categorizar-es","7":"product_cat-plantas","8":"product_tag-caja-de-plantas","9":"product_tag-floristeria-online-es","10":"product_tag-planta-de-interior","11":"product_tag-planta-natural-es","13":"first","14":"instock","15":"sold-individually","16":"taxable","17":"shipping-taxable","18":"purchasable","19":"product-type-simple"},"_links":{"self":[{"href":"https:\/\/floristeriatrevol.com\/es\/wp-json\/wp\/v2\/product\/3427","targetHints":{"allow":["GET"]}}],"collection":[{"href":"https:\/\/floristeriatrevol.com\/es\/wp-json\/wp\/v2\/product"}],"about":[{"href":"https:\/\/floristeriatrevol.com\/es\/wp-json\/wp\/v2\/types\/product"}],"wp:featuredmedia":[{"embeddable":true,"href":"https:\/\/floristeriatrevol.com\/es\/wp-json\/wp\/v2\/media\/2922"}],"wp:attachment":[{"href":"https:\/\/floristeriatrevol.com\/es\/wp-json\/wp\/v2\/media?parent=3427"}],"wp:term":[{"taxonomy":"product_brand","embeddable":true,"href":"https:\/\/floristeriatrevol.com\/es\/wp-json\/wp\/v2\/product_brand?post=3427"},{"taxonomy":"product_cat","embeddable":true,"href":"https:\/\/floristeriatrevol.com\/es\/wp-json\/wp\/v2\/product_cat?post=3427"},{"taxonomy":"product_tag","embeddable":true,"href":"https:\/\/floristeriatrevol.com\/es\/wp-json\/wp\/v2\/product_tag?post=3427"}],"curies":[{"name":"wp","href":"https:\/\/api.w.org\/{rel}","templated":true}]}}