{"id":3422,"date":"2021-08-30T08:43:21","date_gmt":"2021-08-30T08:43:21","guid":{"rendered":"http:\/\/floristeriatrevol.com\/botiga\/planta-phalenopsis-blanca\/"},"modified":"2021-08-30T08:43:21","modified_gmt":"2021-08-30T08:43:21","slug":"planta-phalenopsis-blanca-2","status":"publish","type":"product","link":"https:\/\/floristeriatrevol.com\/es\/botiga\/planta-phalenopsis-blanca-2\/","title":{"rendered":"Planta Phalenopsis Blanca"},"content":{"rendered":"<p>Orqu\u00eddea phalenopsis blanca. La orqu\u00eddea es una de las plantas que m\u00e1s tiempo aguantan las flores. Su proceso de floraci\u00f3n est\u00e1 en primavera y puede alargarse meses, hasta bien avanzado el verano. Necesita mucha luz, pero no solo directo, se recomienda que est\u00e9 cerca de una ventana, a menos de un metro de distancia.<\/p>\n<p>La mejor manera de regarla, es por inmersi\u00f3n, ya que no se plantan con tierra vegetal, se plantan con corteza, y esta repele el agua. Si regamos por arriba echando el agua, pasar\u00e1 tan r\u00e1pido entre las ra\u00edces, que no dar\u00e1 tiempo a que se hidraten. Para regar nuestra orqu\u00eddea por inmersi\u00f3n de forma correcta, cogeremos la planta, y la pondremos dentro de un recipiente de mayor tama\u00f1o. Y lo llenaremos de agua. Hasta que la maceta de la planta, quede totalmente inundada. La dejaremos as\u00ed, durante unos minutos, y despu\u00e9s al sacarla, dejaremos que expulse el agua sobrante y la pondremos de nuevo en su sitio.<\/p>\n<p>Incluye una maceta de cer\u00e1mica.<\/p>\n","protected":false},"excerpt":{"rendered":"<p>La Orqu\u00eddea es una planta de f\u00e1cil cultivo y su floraci\u00f3n dura muchas semanas. Es elegante, delicada y muy decorativa. \u00a1Un regalo perfecto para cualquier momento!<\/p>\n<p>Incluye maceta de cer\u00e1mica y decoraci\u00f3n.<\/p>\n","protected":false},"featured_media":2973,"template":"","meta":{"_joinchat":[]},"product_brand":[],"product_cat":[134],"product_tag":[145,385,384,278,386],"class_list":{"0":"post-3422","1":"product","2":"type-product","3":"status-publish","4":"has-post-thumbnail","6":"product_cat-plantas","7":"product_tag-floristeria-online-es","8":"product_tag-orquidia-blanca-es","9":"product_tag-planta-con-flor","10":"product_tag-planta-de-interior","11":"product_tag-planta-de-orquidia","13":"first","14":"instock","15":"sold-individually","16":"taxable","17":"shipping-taxable","18":"purchasable","19":"product-type-simple"},"_links":{"self":[{"href":"https:\/\/floristeriatrevol.com\/es\/wp-json\/wp\/v2\/product\/3422","targetHints":{"allow":["GET"]}}],"collection":[{"href":"https:\/\/floristeriatrevol.com\/es\/wp-json\/wp\/v2\/product"}],"about":[{"href":"https:\/\/floristeriatrevol.com\/es\/wp-json\/wp\/v2\/types\/product"}],"wp:featuredmedia":[{"embeddable":true,"href":"https:\/\/floristeriatrevol.com\/es\/wp-json\/wp\/v2\/media\/2973"}],"wp:attachment":[{"href":"https:\/\/floristeriatrevol.com\/es\/wp-json\/wp\/v2\/media?parent=3422"}],"wp:term":[{"taxonomy":"product_brand","embeddable":true,"href":"https:\/\/floristeriatrevol.com\/es\/wp-json\/wp\/v2\/product_brand?post=3422"},{"taxonomy":"product_cat","embeddable":true,"href":"https:\/\/floristeriatrevol.com\/es\/wp-json\/wp\/v2\/product_cat?post=3422"},{"taxonomy":"product_tag","embeddable":true,"href":"https:\/\/floristeriatrevol.com\/es\/wp-json\/wp\/v2\/product_tag?post=3422"}],"curies":[{"name":"wp","href":"https:\/\/api.w.org\/{rel}","templated":true}]}}