{"id":3419,"date":"2020-04-24T16:36:06","date_gmt":"2020-04-24T16:36:06","guid":{"rendered":"http:\/\/floristeriatrevol.com\/botiga\/azurita\/"},"modified":"2020-04-24T16:36:06","modified_gmt":"2020-04-24T16:36:06","slug":"azurita-2","status":"publish","type":"product","link":"https:\/\/floristeriatrevol.com\/es\/botiga\/azurita-2\/","title":{"rendered":"Azurita"},"content":{"rendered":"<p>Centro de flores, para detalle de p\u00e9same. El centro Azurita, est\u00e1 creado con flores campestres, margaritas y lisianthus entre otros, principalmente de tonalidades blancas, y lleva una pincelada de lila sutil, que le aporta un toque muy especial. Las flores campestres hacen de este centro un trabajo informal, fresco, cercano. Este centro de flores, tambi\u00e9n podr\u00eda quedar muy bonito, si lo hacemos combinando colores como amarillo y morado y blanco. Para personalizar el trabajo floral, cont\u00e1ctanos y te aconsejaremos la mejor opci\u00f3n disponible.<\/p>\n<p>El centro incluye una cinta por dedicatoria, impresa con tinta dorada.<\/p>\n<p>Si se trata de un trabajo urgente, contacte directamente al 977773101<\/p>\n","protected":false},"excerpt":{"rendered":"<p>Centro con combinaci\u00f3n de flores de temporada, en tonalidades blanco, azul y lila Incluye cinta con dedicatoria impresa<\/p>\n<p>Si se trata de un trabajo urgente, contacte directamente al 977773101<\/p>\n<p>En este trabajo, la flor es de temporada, y se posible que nos vemos obligados a hacer alguna modificaci\u00f3n. Si desea ser avisado por whatsapp o llamada de tel\u00e9fono, en el caso de que se tenga que sustituir alg\u00fan elemento del trabajo, lo puede indicar al formulario de finalizaci\u00f3n de compra a notas de la el pedido. Si no desea ser avisado, nosotros escogeremos la mejor opci\u00f3n de sustituci\u00f3n, manteniendo o mejorando la calidad de la flor reemplazada.<\/p>\n","protected":false},"featured_media":2996,"template":"","meta":{"_joinchat":[]},"product_brand":[],"product_cat":[118,119],"product_tag":[233,382,378,379],"class_list":{"0":"post-3419","1":"product","2":"type-product","3":"status-publish","4":"has-post-thumbnail","6":"product_cat-arte-funerario-es","7":"product_cat-centro-funerario-es","8":"product_tag-centro-de-flores-es","9":"product_tag-centro-de-flores-blancas","10":"product_tag-centro-de-flores-para-funeral","11":"product_tag-centro-de-flores-tanatorio","13":"first","14":"instock","15":"sold-individually","16":"taxable","17":"shipping-taxable","18":"purchasable","19":"product-type-simple"},"_links":{"self":[{"href":"https:\/\/floristeriatrevol.com\/es\/wp-json\/wp\/v2\/product\/3419","targetHints":{"allow":["GET"]}}],"collection":[{"href":"https:\/\/floristeriatrevol.com\/es\/wp-json\/wp\/v2\/product"}],"about":[{"href":"https:\/\/floristeriatrevol.com\/es\/wp-json\/wp\/v2\/types\/product"}],"wp:featuredmedia":[{"embeddable":true,"href":"https:\/\/floristeriatrevol.com\/es\/wp-json\/wp\/v2\/media\/2996"}],"wp:attachment":[{"href":"https:\/\/floristeriatrevol.com\/es\/wp-json\/wp\/v2\/media?parent=3419"}],"wp:term":[{"taxonomy":"product_brand","embeddable":true,"href":"https:\/\/floristeriatrevol.com\/es\/wp-json\/wp\/v2\/product_brand?post=3419"},{"taxonomy":"product_cat","embeddable":true,"href":"https:\/\/floristeriatrevol.com\/es\/wp-json\/wp\/v2\/product_cat?post=3419"},{"taxonomy":"product_tag","embeddable":true,"href":"https:\/\/floristeriatrevol.com\/es\/wp-json\/wp\/v2\/product_tag?post=3419"}],"curies":[{"name":"wp","href":"https:\/\/api.w.org\/{rel}","templated":true}]}}