{"id":3416,"date":"2020-04-24T16:42:22","date_gmt":"2020-04-24T16:42:22","guid":{"rendered":"http:\/\/floristeriatrevol.com\/botiga\/cristal\/"},"modified":"2020-04-24T16:42:22","modified_gmt":"2020-04-24T16:42:22","slug":"cristal-2","status":"publish","type":"product","link":"https:\/\/floristeriatrevol.com\/es\/botiga\/cristal-2\/","title":{"rendered":"Cristal"},"content":{"rendered":"<p>Corona de flores, arte funerario. La corona de flores Cristal, est\u00e1 compuesta por un aro compacto de claveles blancos, y un aplique a un lado, de flor blanca. Es una corona de flores de peque\u00f1o tama\u00f1o, aproximadamente unos 75 cm. de di\u00e1metro, aunque es muy bonita y es un detalle de p\u00e9same muy acertado. Las flores blancas siempre transmiten paz y calma. Una buena elecci\u00f3n para despedirnos de un ser querido con un detalle floral. Si te gustar\u00eda que hici\u00e9ramos la corona con claveles de otro color, cont\u00e1ctanos. Como siempre, estamos disponibles para personalizar los trabajos florales a gusto de sus clientes. Incluye una cinta con dedicatoria, impresa en letra dorada.<\/p>\n<p>Si tu pedido es urgente, ll\u00e1manos directamente al 977773101 o escr\u00edbenos por whatsapp<\/p>\n","protected":false},"excerpt":{"rendered":"<p>Corona compacta de clavel blanco y aplique de flor blanca. Detalle de p\u00e9same, delicado y elegante. Incluye cinta con dedicatoria impresa.<\/p>\n<p>Hacemos entrega de las flores directamente al Tanatorio de Reus, tanatorio de Tarragona y otros de la provincia.<\/p>\n<p>Si su pedido es urgente, llame directamente al 977773101 o contacte por whatsapp<\/p>\n","protected":false},"featured_media":2999,"template":"","meta":{"_joinchat":[]},"product_brand":[],"product_cat":[118,120],"product_tag":[333,341,377,335],"class_list":{"0":"post-3416","1":"product","2":"type-product","3":"status-publish","4":"has-post-thumbnail","6":"product_cat-arte-funerario-es","7":"product_cat-coronas","8":"product_tag-corona-de-flores","9":"product_tag-corona-de-flores-blancas","10":"product_tag-corona-de-flores-funeral","11":"product_tag-flores-por-tanatorio","13":"first","14":"instock","15":"sold-individually","16":"taxable","17":"shipping-taxable","18":"purchasable","19":"product-type-simple"},"_links":{"self":[{"href":"https:\/\/floristeriatrevol.com\/es\/wp-json\/wp\/v2\/product\/3416","targetHints":{"allow":["GET"]}}],"collection":[{"href":"https:\/\/floristeriatrevol.com\/es\/wp-json\/wp\/v2\/product"}],"about":[{"href":"https:\/\/floristeriatrevol.com\/es\/wp-json\/wp\/v2\/types\/product"}],"wp:featuredmedia":[{"embeddable":true,"href":"https:\/\/floristeriatrevol.com\/es\/wp-json\/wp\/v2\/media\/2999"}],"wp:attachment":[{"href":"https:\/\/floristeriatrevol.com\/es\/wp-json\/wp\/v2\/media?parent=3416"}],"wp:term":[{"taxonomy":"product_brand","embeddable":true,"href":"https:\/\/floristeriatrevol.com\/es\/wp-json\/wp\/v2\/product_brand?post=3416"},{"taxonomy":"product_cat","embeddable":true,"href":"https:\/\/floristeriatrevol.com\/es\/wp-json\/wp\/v2\/product_cat?post=3416"},{"taxonomy":"product_tag","embeddable":true,"href":"https:\/\/floristeriatrevol.com\/es\/wp-json\/wp\/v2\/product_tag?post=3416"}],"curies":[{"name":"wp","href":"https:\/\/api.w.org\/{rel}","templated":true}]}}