{"id":3414,"date":"2020-04-24T16:47:30","date_gmt":"2020-04-24T16:47:30","guid":{"rendered":"http:\/\/floristeriatrevol.com\/botiga\/pirita\/"},"modified":"2020-04-24T16:47:30","modified_gmt":"2020-04-24T16:47:30","slug":"pirita-2","status":"publish","type":"product","link":"https:\/\/floristeriatrevol.com\/es\/botiga\/pirita-2\/","title":{"rendered":"Pirita"},"content":{"rendered":"<p>Coraz\u00f3n de flores elaborado con claveles blancos, de gran tama\u00f1o. Este coraz\u00f3n de claveles est\u00e1 compuesto por 150 claveles, y lleva un aplique extra de rosas rojas. Es un trabajo floral muy bonito, creado con mucha delicadeza y que simboliza un gran amor y cari\u00f1o. Personalizamos todos nuestros trabajos si el cliente lo desea. Por tanto, si quieres realizar este coraz\u00f3n floral con otros colores, cont\u00e1ctanos.<\/p>\n<p>Si tu pedido es urgente, ll\u00e1manos directamente al 977773101 o cont\u00e1ctanos por whatsapp.<\/p>\n<p>&nbsp;<\/p>\n","protected":false},"excerpt":{"rendered":"<p>Un coraz\u00f3n de flores, de gran tama\u00f1o y muy elegante. 150 claveles, y aplique con detalle con rosas. Incluye Cinta con dedicatoria impresa. Entrega directa al Tanatorio de Reus, Tanatorio de Tarragona y otros de la provincia.<\/p>\n<p>Si el pedido es urgente, llamar directamente al 977773101 o contactar por whatsapp<\/p>\n","protected":false},"featured_media":3001,"template":"","meta":{"_joinchat":[]},"product_brand":[],"product_cat":[118,119],"product_tag":[339,286,374,376,375],"class_list":{"0":"post-3414","1":"product","2":"type-product","3":"status-publish","4":"has-post-thumbnail","6":"product_cat-arte-funerario-es","7":"product_cat-centro-funerario-es","8":"product_tag-centro-de-pesame","9":"product_tag-centro-funerario","10":"product_tag-corazon-de-flores","11":"product_tag-flores-para-entierro","12":"product_tag-flores-por-funeral","14":"first","15":"instock","16":"sold-individually","17":"taxable","18":"shipping-taxable","19":"purchasable","20":"product-type-simple"},"_links":{"self":[{"href":"https:\/\/floristeriatrevol.com\/es\/wp-json\/wp\/v2\/product\/3414","targetHints":{"allow":["GET"]}}],"collection":[{"href":"https:\/\/floristeriatrevol.com\/es\/wp-json\/wp\/v2\/product"}],"about":[{"href":"https:\/\/floristeriatrevol.com\/es\/wp-json\/wp\/v2\/types\/product"}],"wp:featuredmedia":[{"embeddable":true,"href":"https:\/\/floristeriatrevol.com\/es\/wp-json\/wp\/v2\/media\/3001"}],"wp:attachment":[{"href":"https:\/\/floristeriatrevol.com\/es\/wp-json\/wp\/v2\/media?parent=3414"}],"wp:term":[{"taxonomy":"product_brand","embeddable":true,"href":"https:\/\/floristeriatrevol.com\/es\/wp-json\/wp\/v2\/product_brand?post=3414"},{"taxonomy":"product_cat","embeddable":true,"href":"https:\/\/floristeriatrevol.com\/es\/wp-json\/wp\/v2\/product_cat?post=3414"},{"taxonomy":"product_tag","embeddable":true,"href":"https:\/\/floristeriatrevol.com\/es\/wp-json\/wp\/v2\/product_tag?post=3414"}],"curies":[{"name":"wp","href":"https:\/\/api.w.org\/{rel}","templated":true}]}}