{"id":3413,"date":"2020-04-24T16:50:24","date_gmt":"2020-04-24T16:50:24","guid":{"rendered":"http:\/\/floristeriatrevol.com\/botiga\/opalo\/"},"modified":"2020-04-24T16:50:24","modified_gmt":"2020-04-24T16:50:24","slug":"opalo-2","status":"publish","type":"product","link":"https:\/\/floristeriatrevol.com\/es\/botiga\/opalo-2\/","title":{"rendered":"\u00d3palo"},"content":{"rendered":"<p>Ramo funerario de 15 rosas rojas. Las rosas rojas son las m\u00e1s escogidas en los trabajos florales, por su simbolog\u00eda. Representan el amor y la intensidad emocional. Representan un te quiero expresado con intensidad. Si deseas personalizar ese ramo de flores, podemos cambiar o combinar colores. O podemos modificar la cantidad de rosas.<\/p>\n<p>Incluye cinta para mensaje de p\u00e9same.<\/p>\n<p>Si se trata de un pedido urgente llamar directamente al 9777731001 o contactar por whatsapp.<\/p>\n<p>&nbsp;<\/p>\n","protected":false},"excerpt":{"rendered":"<p>Ramo cl\u00e1sico de 15 rosas rojas y complementos. Incluye cinta con dedicatoria impresa.<\/p>\n","protected":false},"featured_media":3003,"template":"","meta":{"_joinchat":[]},"product_brand":[],"product_cat":[118,121],"product_tag":[373,183,192,288],"class_list":{"0":"post-3413","1":"product","2":"type-product","3":"status-publish","4":"has-post-thumbnail","6":"product_cat-arte-funerario-es","7":"product_cat-ramo-funerario","8":"product_tag-ramo-de-condolencia","9":"product_tag-ramo-de-flores-es","10":"product_tag-ramo-de-rosas","11":"product_tag-rosas-para-funeral","13":"first","14":"instock","15":"sold-individually","16":"taxable","17":"shipping-taxable","18":"purchasable","19":"product-type-simple"},"_links":{"self":[{"href":"https:\/\/floristeriatrevol.com\/es\/wp-json\/wp\/v2\/product\/3413","targetHints":{"allow":["GET"]}}],"collection":[{"href":"https:\/\/floristeriatrevol.com\/es\/wp-json\/wp\/v2\/product"}],"about":[{"href":"https:\/\/floristeriatrevol.com\/es\/wp-json\/wp\/v2\/types\/product"}],"wp:featuredmedia":[{"embeddable":true,"href":"https:\/\/floristeriatrevol.com\/es\/wp-json\/wp\/v2\/media\/3003"}],"wp:attachment":[{"href":"https:\/\/floristeriatrevol.com\/es\/wp-json\/wp\/v2\/media?parent=3413"}],"wp:term":[{"taxonomy":"product_brand","embeddable":true,"href":"https:\/\/floristeriatrevol.com\/es\/wp-json\/wp\/v2\/product_brand?post=3413"},{"taxonomy":"product_cat","embeddable":true,"href":"https:\/\/floristeriatrevol.com\/es\/wp-json\/wp\/v2\/product_cat?post=3413"},{"taxonomy":"product_tag","embeddable":true,"href":"https:\/\/floristeriatrevol.com\/es\/wp-json\/wp\/v2\/product_tag?post=3413"}],"curies":[{"name":"wp","href":"https:\/\/api.w.org\/{rel}","templated":true}]}}