{"id":3412,"date":"2020-04-24T16:49:08","date_gmt":"2020-04-24T16:49:08","guid":{"rendered":"http:\/\/floristeriatrevol.com\/botiga\/amatista\/"},"modified":"2020-04-24T16:49:08","modified_gmt":"2020-04-24T16:49:08","slug":"amatista-2","status":"publish","type":"product","link":"https:\/\/floristeriatrevol.com\/es\/botiga\/amatista-2\/","title":{"rendered":"Amatista"},"content":{"rendered":"<p>Ramo funerario de 12 rosas blancas. Elegante ramo de condolencia, elaborado con rosas blancas de m\u00e1xima calidad. Este ramo es perfecto para tener un detalle de despedida de una persona querida. Las rosas blancas son s\u00edmbolo de pureza y paz. Las rosas van acompa\u00f1adas de peque\u00f1as flores de paniculata y diferentes verdes, creando un bonito contraste. Hemos elaborado este ramo con rosas blancas, pero si deseas personalizar tu ofrenda floral, cont\u00e1ctanos. Podremos realizar el ramo de flores con rosas de otros colores, o a\u00f1adiendo otras flores para realizar una combinaci\u00f3n especial. El ramo incluye una cinta con la dedicatoria que elijas, que imprimiremos con letras doradas.<\/p>\n<p>Si se trata de un pedido urgente, ll\u00e1manos directamente al 977773101 o cont\u00e1ctanos por whatsapp.<\/p>\n","protected":false},"excerpt":{"rendered":"<p>Ramo cl\u00e1sico de 12 rosas blancas y complementos. Las rosas blancas son un detalle discreto y elegante. Incluye cinta con dedicatoria impresa.<\/p>\n<p>Si su pedido es urgente, llame directamente al 977773101 o cont\u00e1ctenos por whatsapp.<\/p>\n","protected":false},"featured_media":3002,"template":"","meta":{"_joinchat":[]},"product_brand":[],"product_cat":[118,121],"product_tag":[372,371,335,192,370],"class_list":{"0":"post-3412","1":"product","2":"type-product","3":"status-publish","4":"has-post-thumbnail","6":"product_cat-arte-funerario-es","7":"product_cat-ramo-funerario","8":"product_tag-flores-por-difunto","9":"product_tag-flores-por-entierro","10":"product_tag-flores-por-tanatorio","11":"product_tag-ramo-de-rosas","12":"product_tag-ramo-funerario","14":"first","15":"instock","16":"sold-individually","17":"taxable","18":"shipping-taxable","19":"purchasable","20":"product-type-simple"},"_links":{"self":[{"href":"https:\/\/floristeriatrevol.com\/es\/wp-json\/wp\/v2\/product\/3412","targetHints":{"allow":["GET"]}}],"collection":[{"href":"https:\/\/floristeriatrevol.com\/es\/wp-json\/wp\/v2\/product"}],"about":[{"href":"https:\/\/floristeriatrevol.com\/es\/wp-json\/wp\/v2\/types\/product"}],"wp:featuredmedia":[{"embeddable":true,"href":"https:\/\/floristeriatrevol.com\/es\/wp-json\/wp\/v2\/media\/3002"}],"wp:attachment":[{"href":"https:\/\/floristeriatrevol.com\/es\/wp-json\/wp\/v2\/media?parent=3412"}],"wp:term":[{"taxonomy":"product_brand","embeddable":true,"href":"https:\/\/floristeriatrevol.com\/es\/wp-json\/wp\/v2\/product_brand?post=3412"},{"taxonomy":"product_cat","embeddable":true,"href":"https:\/\/floristeriatrevol.com\/es\/wp-json\/wp\/v2\/product_cat?post=3412"},{"taxonomy":"product_tag","embeddable":true,"href":"https:\/\/floristeriatrevol.com\/es\/wp-json\/wp\/v2\/product_tag?post=3412"}],"curies":[{"name":"wp","href":"https:\/\/api.w.org\/{rel}","templated":true}]}}