{"id":3401,"date":"2021-02-04T12:47:39","date_gmt":"2021-02-04T12:47:39","guid":{"rendered":"http:\/\/floristeriatrevol.com\/botiga\/peluche-teddylove\/"},"modified":"2021-02-04T12:47:39","modified_gmt":"2021-02-04T12:47:39","slug":"peluche-teddylove","status":"publish","type":"product","link":"https:\/\/floristeriatrevol.com\/es\/botiga\/peluche-teddylove\/","title":{"rendered":"Peluche Teddy&amp;Love"},"content":{"rendered":"<p>Peluche blanco con coraz\u00f3n. Perfecto complemento para acompa\u00f1ar tu regalo y hacerlo mas bonito todav\u00eda. Peluche de 18 cm. de altura con cara sonriente, muy dulce y entra\u00f1able.<\/p>\n<p>El d\u00eda de San Valent\u00edn, es muy tradicional regalar flores con peluches, aunque disponemos de varios modelos todo el a\u00f1o.<\/p>\n","protected":false},"excerpt":{"rendered":"<p>Peluche de 18 cm. blanco y con un coraz\u00f3n. Complementa tu regalo con un detalle muy tierno.<\/p>\n","protected":false},"featured_media":3522,"template":"","meta":{"_joinchat":[]},"product_brand":[],"product_cat":[123],"product_tag":[366,363,365,364,330],"class_list":{"0":"post-3401","1":"product","2":"type-product","3":"status-publish","4":"has-post-thumbnail","6":"product_cat-complementos","7":"product_tag-complemento-para-ramo-de-flores","8":"product_tag-peluche","9":"product_tag-peluche-blanco","10":"product_tag-peluche-con-corazon","11":"product_tag-regalo-original","13":"first","14":"instock","15":"taxable","16":"shipping-taxable","17":"purchasable","18":"product-type-simple"},"_links":{"self":[{"href":"https:\/\/floristeriatrevol.com\/es\/wp-json\/wp\/v2\/product\/3401","targetHints":{"allow":["GET"]}}],"collection":[{"href":"https:\/\/floristeriatrevol.com\/es\/wp-json\/wp\/v2\/product"}],"about":[{"href":"https:\/\/floristeriatrevol.com\/es\/wp-json\/wp\/v2\/types\/product"}],"wp:featuredmedia":[{"embeddable":true,"href":"https:\/\/floristeriatrevol.com\/es\/wp-json\/wp\/v2\/media\/3522"}],"wp:attachment":[{"href":"https:\/\/floristeriatrevol.com\/es\/wp-json\/wp\/v2\/media?parent=3401"}],"wp:term":[{"taxonomy":"product_brand","embeddable":true,"href":"https:\/\/floristeriatrevol.com\/es\/wp-json\/wp\/v2\/product_brand?post=3401"},{"taxonomy":"product_cat","embeddable":true,"href":"https:\/\/floristeriatrevol.com\/es\/wp-json\/wp\/v2\/product_cat?post=3401"},{"taxonomy":"product_tag","embeddable":true,"href":"https:\/\/floristeriatrevol.com\/es\/wp-json\/wp\/v2\/product_tag?post=3401"}],"curies":[{"name":"wp","href":"https:\/\/api.w.org\/{rel}","templated":true}]}}