{"id":3389,"date":"2021-02-04T12:50:40","date_gmt":"2021-02-04T12:50:40","guid":{"rendered":"http:\/\/floristeriatrevol.com\/botiga\/peluche-love\/"},"modified":"2021-02-04T12:50:40","modified_gmt":"2021-02-04T12:50:40","slug":"peluche-love","status":"publish","type":"product","link":"https:\/\/floristeriatrevol.com\/es\/botiga\/peluche-love\/","title":{"rendered":"Peluche Love"},"content":{"rendered":"","protected":false},"excerpt":{"rendered":"<p>Nuestro peluche Love lleva un globo en forma de coraz\u00f3n y es muy suave y simp\u00e1tico. Mide 18 cm. Ideal para acompa\u00f1ar tu regalo!!<\/p>\n","protected":false},"featured_media":3053,"template":"","meta":{"_joinchat":[]},"product_brand":[],"product_cat":[123],"product_tag":[],"class_list":{"0":"post-3389","1":"product","2":"type-product","3":"status-publish","4":"has-post-thumbnail","6":"product_cat-complementos","8":"first","9":"instock","10":"taxable","11":"shipping-taxable","12":"purchasable","13":"product-type-simple"},"_links":{"self":[{"href":"https:\/\/floristeriatrevol.com\/es\/wp-json\/wp\/v2\/product\/3389","targetHints":{"allow":["GET"]}}],"collection":[{"href":"https:\/\/floristeriatrevol.com\/es\/wp-json\/wp\/v2\/product"}],"about":[{"href":"https:\/\/floristeriatrevol.com\/es\/wp-json\/wp\/v2\/types\/product"}],"wp:featuredmedia":[{"embeddable":true,"href":"https:\/\/floristeriatrevol.com\/es\/wp-json\/wp\/v2\/media\/3053"}],"wp:attachment":[{"href":"https:\/\/floristeriatrevol.com\/es\/wp-json\/wp\/v2\/media?parent=3389"}],"wp:term":[{"taxonomy":"product_brand","embeddable":true,"href":"https:\/\/floristeriatrevol.com\/es\/wp-json\/wp\/v2\/product_brand?post=3389"},{"taxonomy":"product_cat","embeddable":true,"href":"https:\/\/floristeriatrevol.com\/es\/wp-json\/wp\/v2\/product_cat?post=3389"},{"taxonomy":"product_tag","embeddable":true,"href":"https:\/\/floristeriatrevol.com\/es\/wp-json\/wp\/v2\/product_tag?post=3389"}],"curies":[{"name":"wp","href":"https:\/\/api.w.org\/{rel}","templated":true}]}}