{"id":3387,"date":"2021-11-23T11:46:20","date_gmt":"2021-11-23T11:46:20","guid":{"rendered":"http:\/\/floristeriatrevol.com\/botiga\/caja-pointsettia\/"},"modified":"2021-11-23T11:46:20","modified_gmt":"2021-11-23T11:46:20","slug":"caja-pointsettia","status":"publish","type":"product","link":"https:\/\/floristeriatrevol.com\/es\/botiga\/caja-pointsettia\/","title":{"rendered":"Caja Pointsettia"},"content":{"rendered":"","protected":false},"excerpt":{"rendered":"<p>Caja de madera, con dos Pointsetties, una roja y otra de color rosa. Bonita composici\u00f3n, decorada con un detalle de eucalipto preservado y pick de madera en forma de cometa. Envoltura con ropa de saco, apostamos por una decoraci\u00f3n de navidad org\u00e1nica!! El modelo de la caja podr\u00eda variar seg\u00fan stock.<\/p>\n","protected":false},"featured_media":3096,"template":"","meta":{"_joinchat":[]},"product_brand":[],"product_cat":[130],"product_tag":[],"class_list":{"0":"post-3387","1":"product","2":"type-product","3":"status-publish","4":"has-post-thumbnail","6":"product_cat-navidad","8":"first","9":"instock","10":"taxable","11":"shipping-taxable","12":"purchasable","13":"product-type-simple"},"_links":{"self":[{"href":"https:\/\/floristeriatrevol.com\/es\/wp-json\/wp\/v2\/product\/3387","targetHints":{"allow":["GET"]}}],"collection":[{"href":"https:\/\/floristeriatrevol.com\/es\/wp-json\/wp\/v2\/product"}],"about":[{"href":"https:\/\/floristeriatrevol.com\/es\/wp-json\/wp\/v2\/types\/product"}],"wp:featuredmedia":[{"embeddable":true,"href":"https:\/\/floristeriatrevol.com\/es\/wp-json\/wp\/v2\/media\/3096"}],"wp:attachment":[{"href":"https:\/\/floristeriatrevol.com\/es\/wp-json\/wp\/v2\/media?parent=3387"}],"wp:term":[{"taxonomy":"product_brand","embeddable":true,"href":"https:\/\/floristeriatrevol.com\/es\/wp-json\/wp\/v2\/product_brand?post=3387"},{"taxonomy":"product_cat","embeddable":true,"href":"https:\/\/floristeriatrevol.com\/es\/wp-json\/wp\/v2\/product_cat?post=3387"},{"taxonomy":"product_tag","embeddable":true,"href":"https:\/\/floristeriatrevol.com\/es\/wp-json\/wp\/v2\/product_tag?post=3387"}],"curies":[{"name":"wp","href":"https:\/\/api.w.org\/{rel}","templated":true}]}}