{"id":3385,"date":"2021-12-04T19:01:41","date_gmt":"2021-12-04T19:01:41","guid":{"rendered":"http:\/\/floristeriatrevol.com\/botiga\/ramo-de-navidad\/"},"modified":"2021-12-04T19:01:41","modified_gmt":"2021-12-04T19:01:41","slug":"ramo-de-navidad","status":"publish","type":"product","link":"https:\/\/floristeriatrevol.com\/es\/botiga\/ramo-de-navidad\/","title":{"rendered":"Ramo de Navidad"},"content":{"rendered":"","protected":false},"excerpt":{"rendered":"<p>Ramo compuesto de verdes navide\u00f1os naturales, eucalipto, roble, grevillea, mu\u00e9rdago, abeto y complementos naturales secos&#8230; Acabados r\u00fasticos. Este ramo lo podremos disfrutar mucho tiempo, puesto que su secado natural es perfecto. <\/p>\n<p>En este trabajo, la flor es de temporada, y se posible que nos vemos obligados a hacer alguna modificaci\u00f3n. Si desea ser avisado por whatsapp o llamada de tel\u00e9fono, en el caso de que se tenga que sustituir alg\u00fan elemento del trabajo, lo puede indicar al formulario de finalizaci\u00f3n de compra a notas de la el pedido. Si no desea ser avisado, nosotros escogeremos la mejor opci\u00f3n de sustituci\u00f3n, manteniendo o mejorando la calidad de la flor reemplazada.<\/p>\n","protected":false},"featured_media":3099,"template":"","meta":{"_joinchat":[]},"product_brand":[],"product_cat":[130],"product_tag":[],"class_list":{"0":"post-3385","1":"product","2":"type-product","3":"status-publish","4":"has-post-thumbnail","6":"product_cat-navidad","8":"first","9":"instock","10":"taxable","11":"shipping-taxable","12":"purchasable","13":"product-type-simple"},"_links":{"self":[{"href":"https:\/\/floristeriatrevol.com\/es\/wp-json\/wp\/v2\/product\/3385","targetHints":{"allow":["GET"]}}],"collection":[{"href":"https:\/\/floristeriatrevol.com\/es\/wp-json\/wp\/v2\/product"}],"about":[{"href":"https:\/\/floristeriatrevol.com\/es\/wp-json\/wp\/v2\/types\/product"}],"wp:featuredmedia":[{"embeddable":true,"href":"https:\/\/floristeriatrevol.com\/es\/wp-json\/wp\/v2\/media\/3099"}],"wp:attachment":[{"href":"https:\/\/floristeriatrevol.com\/es\/wp-json\/wp\/v2\/media?parent=3385"}],"wp:term":[{"taxonomy":"product_brand","embeddable":true,"href":"https:\/\/floristeriatrevol.com\/es\/wp-json\/wp\/v2\/product_brand?post=3385"},{"taxonomy":"product_cat","embeddable":true,"href":"https:\/\/floristeriatrevol.com\/es\/wp-json\/wp\/v2\/product_cat?post=3385"},{"taxonomy":"product_tag","embeddable":true,"href":"https:\/\/floristeriatrevol.com\/es\/wp-json\/wp\/v2\/product_tag?post=3385"}],"curies":[{"name":"wp","href":"https:\/\/api.w.org\/{rel}","templated":true}]}}