{"id":3384,"date":"2021-12-17T05:39:56","date_gmt":"2021-12-17T05:39:56","guid":{"rendered":"http:\/\/floristeriatrevol.com\/botiga\/pointsettia-xxl-rustica\/"},"modified":"2021-12-17T05:39:56","modified_gmt":"2021-12-17T05:39:56","slug":"pointsettia-xxl-rustica-2","status":"publish","type":"product","link":"https:\/\/floristeriatrevol.com\/es\/botiga\/pointsettia-xxl-rustica-2\/","title":{"rendered":"Pointsettia XXL r\u00fastica"},"content":{"rendered":"","protected":false},"excerpt":{"rendered":"<p>Pointsettia de gran tama\u00f1o, con decoraci\u00f3n r\u00fastica, cesta de mimbre natural trenzado, complementada con abeto, ramas y elementos naturales navide\u00f1os, le acompa\u00f1a el detalle de mu\u00e9rdago e ilex, conocido como ramito de la suerte.<\/p>\n","protected":false},"featured_media":3100,"template":"","meta":{"_joinchat":[]},"product_brand":[],"product_cat":[130],"product_tag":[],"class_list":{"0":"post-3384","1":"product","2":"type-product","3":"status-publish","4":"has-post-thumbnail","6":"product_cat-navidad","8":"first","9":"instock","10":"taxable","11":"shipping-taxable","12":"purchasable","13":"product-type-simple"},"_links":{"self":[{"href":"https:\/\/floristeriatrevol.com\/es\/wp-json\/wp\/v2\/product\/3384","targetHints":{"allow":["GET"]}}],"collection":[{"href":"https:\/\/floristeriatrevol.com\/es\/wp-json\/wp\/v2\/product"}],"about":[{"href":"https:\/\/floristeriatrevol.com\/es\/wp-json\/wp\/v2\/types\/product"}],"wp:featuredmedia":[{"embeddable":true,"href":"https:\/\/floristeriatrevol.com\/es\/wp-json\/wp\/v2\/media\/3100"}],"wp:attachment":[{"href":"https:\/\/floristeriatrevol.com\/es\/wp-json\/wp\/v2\/media?parent=3384"}],"wp:term":[{"taxonomy":"product_brand","embeddable":true,"href":"https:\/\/floristeriatrevol.com\/es\/wp-json\/wp\/v2\/product_brand?post=3384"},{"taxonomy":"product_cat","embeddable":true,"href":"https:\/\/floristeriatrevol.com\/es\/wp-json\/wp\/v2\/product_cat?post=3384"},{"taxonomy":"product_tag","embeddable":true,"href":"https:\/\/floristeriatrevol.com\/es\/wp-json\/wp\/v2\/product_tag?post=3384"}],"curies":[{"name":"wp","href":"https:\/\/api.w.org\/{rel}","templated":true}]}}