{"id":3383,"date":"2021-12-17T05:45:43","date_gmt":"2021-12-17T05:45:43","guid":{"rendered":"http:\/\/floristeriatrevol.com\/botiga\/bosque-de-navidad\/"},"modified":"2021-12-17T05:45:43","modified_gmt":"2021-12-17T05:45:43","slug":"bosque-de-navidad","status":"publish","type":"product","link":"https:\/\/floristeriatrevol.com\/es\/botiga\/bosque-de-navidad\/","title":{"rendered":"Bosque de Navidad"},"content":{"rendered":"","protected":false},"excerpt":{"rendered":"<p>Base de lat\u00f3n, con un \u00e1rbol natural decorado con motivos navide\u00f1os y una peque\u00f1a pointsettia roja. Un conjunto que queda hermoso en cualquier sitio de casa para dar un toque festivo en estas fechas.<\/p>\n","protected":false},"featured_media":3101,"template":"","meta":{"_joinchat":[]},"product_brand":[],"product_cat":[130],"product_tag":[],"class_list":{"0":"post-3383","1":"product","2":"type-product","3":"status-publish","4":"has-post-thumbnail","6":"product_cat-navidad","8":"first","9":"instock","10":"taxable","11":"shipping-taxable","12":"purchasable","13":"product-type-simple"},"_links":{"self":[{"href":"https:\/\/floristeriatrevol.com\/es\/wp-json\/wp\/v2\/product\/3383","targetHints":{"allow":["GET"]}}],"collection":[{"href":"https:\/\/floristeriatrevol.com\/es\/wp-json\/wp\/v2\/product"}],"about":[{"href":"https:\/\/floristeriatrevol.com\/es\/wp-json\/wp\/v2\/types\/product"}],"wp:featuredmedia":[{"embeddable":true,"href":"https:\/\/floristeriatrevol.com\/es\/wp-json\/wp\/v2\/media\/3101"}],"wp:attachment":[{"href":"https:\/\/floristeriatrevol.com\/es\/wp-json\/wp\/v2\/media?parent=3383"}],"wp:term":[{"taxonomy":"product_brand","embeddable":true,"href":"https:\/\/floristeriatrevol.com\/es\/wp-json\/wp\/v2\/product_brand?post=3383"},{"taxonomy":"product_cat","embeddable":true,"href":"https:\/\/floristeriatrevol.com\/es\/wp-json\/wp\/v2\/product_cat?post=3383"},{"taxonomy":"product_tag","embeddable":true,"href":"https:\/\/floristeriatrevol.com\/es\/wp-json\/wp\/v2\/product_tag?post=3383"}],"curies":[{"name":"wp","href":"https:\/\/api.w.org\/{rel}","templated":true}]}}