{"id":3382,"date":"2021-12-17T05:52:15","date_gmt":"2021-12-17T05:52:15","guid":{"rendered":"http:\/\/floristeriatrevol.com\/botiga\/centro-de-navidad-grande\/"},"modified":"2021-12-17T05:52:15","modified_gmt":"2021-12-17T05:52:15","slug":"centro-de-navidad-gran","status":"publish","type":"product","link":"https:\/\/floristeriatrevol.com\/es\/botiga\/centro-de-navidad-gran\/","title":{"rendered":"Centro de Navidad Grande"},"content":{"rendered":"","protected":false},"excerpt":{"rendered":"<p>Centro de verdes naturales de Navidad, tama\u00f1o grande, aprox 80&#215;80 cm. Varios tipos de eucalipto, pi\u00f1as, abeto, roble y otros elementos. Muy decorativo, y de larga duraci\u00f3n, puesto que todos estos verdes se secan de forma naural y perduran muchos meses. Un buen regalo para nuestro hogar, que nos acerca directamente a la naturaleza.<\/p>\n","protected":false},"featured_media":3102,"template":"","meta":{"_joinchat":[]},"product_brand":[],"product_cat":[200,130],"product_tag":[],"class_list":{"0":"post-3382","1":"product","2":"type-product","3":"status-publish","4":"has-post-thumbnail","6":"product_cat-sin-categorizar-es","7":"product_cat-navidad","9":"first","10":"instock","11":"taxable","12":"shipping-taxable","13":"purchasable","14":"product-type-simple"},"_links":{"self":[{"href":"https:\/\/floristeriatrevol.com\/es\/wp-json\/wp\/v2\/product\/3382","targetHints":{"allow":["GET"]}}],"collection":[{"href":"https:\/\/floristeriatrevol.com\/es\/wp-json\/wp\/v2\/product"}],"about":[{"href":"https:\/\/floristeriatrevol.com\/es\/wp-json\/wp\/v2\/types\/product"}],"wp:featuredmedia":[{"embeddable":true,"href":"https:\/\/floristeriatrevol.com\/es\/wp-json\/wp\/v2\/media\/3102"}],"wp:attachment":[{"href":"https:\/\/floristeriatrevol.com\/es\/wp-json\/wp\/v2\/media?parent=3382"}],"wp:term":[{"taxonomy":"product_brand","embeddable":true,"href":"https:\/\/floristeriatrevol.com\/es\/wp-json\/wp\/v2\/product_brand?post=3382"},{"taxonomy":"product_cat","embeddable":true,"href":"https:\/\/floristeriatrevol.com\/es\/wp-json\/wp\/v2\/product_cat?post=3382"},{"taxonomy":"product_tag","embeddable":true,"href":"https:\/\/floristeriatrevol.com\/es\/wp-json\/wp\/v2\/product_tag?post=3382"}],"curies":[{"name":"wp","href":"https:\/\/api.w.org\/{rel}","templated":true}]}}