{"id":3381,"date":"2021-12-17T06:03:48","date_gmt":"2021-12-17T06:03:48","guid":{"rendered":"http:\/\/floristeriatrevol.com\/botiga\/centro-de-mesa-de-navidad\/"},"modified":"2021-12-17T06:03:48","modified_gmt":"2021-12-17T06:03:48","slug":"centro-de-mesa-de-navidad","status":"publish","type":"product","link":"https:\/\/floristeriatrevol.com\/es\/botiga\/centro-de-mesa-de-navidad\/","title":{"rendered":"Centro de mesa de Navidad"},"content":{"rendered":"","protected":false},"excerpt":{"rendered":"<p>Centro de mesa de Navidad, estilo r\u00fastico, compuesto de verdes navide\u00f1os de larga duraci\u00f3n y secado natural. Podremos disfrutarlo todas las fiestas en perfecto estado, y nos aporta la naturaleza a nuestra mesa. Di\u00e1metro aproximado 30 cm.<\/p>\n","protected":false},"featured_media":3104,"template":"","meta":{"_joinchat":[]},"product_brand":[],"product_cat":[130],"product_tag":[],"class_list":{"0":"post-3381","1":"product","2":"type-product","3":"status-publish","4":"has-post-thumbnail","6":"product_cat-navidad","8":"first","9":"instock","10":"taxable","11":"shipping-taxable","12":"purchasable","13":"product-type-simple"},"_links":{"self":[{"href":"https:\/\/floristeriatrevol.com\/es\/wp-json\/wp\/v2\/product\/3381","targetHints":{"allow":["GET"]}}],"collection":[{"href":"https:\/\/floristeriatrevol.com\/es\/wp-json\/wp\/v2\/product"}],"about":[{"href":"https:\/\/floristeriatrevol.com\/es\/wp-json\/wp\/v2\/types\/product"}],"wp:featuredmedia":[{"embeddable":true,"href":"https:\/\/floristeriatrevol.com\/es\/wp-json\/wp\/v2\/media\/3104"}],"wp:attachment":[{"href":"https:\/\/floristeriatrevol.com\/es\/wp-json\/wp\/v2\/media?parent=3381"}],"wp:term":[{"taxonomy":"product_brand","embeddable":true,"href":"https:\/\/floristeriatrevol.com\/es\/wp-json\/wp\/v2\/product_brand?post=3381"},{"taxonomy":"product_cat","embeddable":true,"href":"https:\/\/floristeriatrevol.com\/es\/wp-json\/wp\/v2\/product_cat?post=3381"},{"taxonomy":"product_tag","embeddable":true,"href":"https:\/\/floristeriatrevol.com\/es\/wp-json\/wp\/v2\/product_tag?post=3381"}],"curies":[{"name":"wp","href":"https:\/\/api.w.org\/{rel}","templated":true}]}}