{"id":3380,"date":"2021-12-17T06:10:07","date_gmt":"2021-12-17T06:10:07","guid":{"rendered":"http:\/\/floristeriatrevol.com\/botiga\/tio-de-navidad-y-peluche\/"},"modified":"2021-12-17T06:10:07","modified_gmt":"2021-12-17T06:10:07","slug":"tio-de-navidad-e-peluche","status":"publish","type":"product","link":"https:\/\/floristeriatrevol.com\/es\/botiga\/tio-de-navidad-e-peluche\/","title":{"rendered":"Ti\u00f3 de Navidad y peluche"},"content":{"rendered":"","protected":false},"excerpt":{"rendered":"<p>Ti\u00f3 de Peluche, muy bonito y con acabados de calidad. Lleva una manta y bast\u00f3n de peluche incorporado, idel para complementar un regalo de Navidad, haya peque\u00f1os o mayores en la casa!! Medida grande, aprox 45 cm.<\/p>\n","protected":false},"featured_media":3105,"template":"","meta":{"_joinchat":[]},"product_brand":[],"product_cat":[200],"product_tag":[],"class_list":{"0":"post-3380","1":"product","2":"type-product","3":"status-publish","4":"has-post-thumbnail","6":"product_cat-sin-categorizar-es","8":"first","9":"instock","10":"taxable","11":"shipping-taxable","12":"purchasable","13":"product-type-simple"},"_links":{"self":[{"href":"https:\/\/floristeriatrevol.com\/es\/wp-json\/wp\/v2\/product\/3380","targetHints":{"allow":["GET"]}}],"collection":[{"href":"https:\/\/floristeriatrevol.com\/es\/wp-json\/wp\/v2\/product"}],"about":[{"href":"https:\/\/floristeriatrevol.com\/es\/wp-json\/wp\/v2\/types\/product"}],"wp:featuredmedia":[{"embeddable":true,"href":"https:\/\/floristeriatrevol.com\/es\/wp-json\/wp\/v2\/media\/3105"}],"wp:attachment":[{"href":"https:\/\/floristeriatrevol.com\/es\/wp-json\/wp\/v2\/media?parent=3380"}],"wp:term":[{"taxonomy":"product_brand","embeddable":true,"href":"https:\/\/floristeriatrevol.com\/es\/wp-json\/wp\/v2\/product_brand?post=3380"},{"taxonomy":"product_cat","embeddable":true,"href":"https:\/\/floristeriatrevol.com\/es\/wp-json\/wp\/v2\/product_cat?post=3380"},{"taxonomy":"product_tag","embeddable":true,"href":"https:\/\/floristeriatrevol.com\/es\/wp-json\/wp\/v2\/product_tag?post=3380"}],"curies":[{"name":"wp","href":"https:\/\/api.w.org\/{rel}","templated":true}]}}