{"id":3377,"date":"2020-04-20T18:06:38","date_gmt":"2020-04-20T18:06:38","guid":{"rendered":"http:\/\/floristeriatrevol.com\/botiga\/encargo-directo\/"},"modified":"2024-10-14T19:05:50","modified_gmt":"2024-10-14T19:05:50","slug":"encargo-directo","status":"publish","type":"product","link":"https:\/\/floristeriatrevol.com\/es\/botiga\/encargo-directo\/","title":{"rendered":"Encargo directo"},"content":{"rendered":"<p>\u00bfTe gustar\u00eda realizar un pedido personalizado? Ahora, ya puedes hacerlo llamando al tel\u00e9fono:<\/p>\n<p><a href=\"telf:977773101\">977 773 101<\/a><\/p>\n<p>En esta llamada, haz tu pedido con lo que te gustar\u00eda comprar y personalizar. Posteriormente, una vez hecha la llamada, pon el precio con el importe indicado por nosotros y \u00a1Procede con el pago!<\/p>\n","protected":false},"excerpt":{"rendered":"<p>\u00bfTe gustar\u00eda realizar un pedido personalizado? Ahora, ya puedes hacerlo llamando al tel\u00e9fono: 977 773 101 En esta llamada, haz tu pedido con lo que te gustar\u00eda comprar y personalizar. Posteriormente, una vez hecha la llamada, pon el precio con el importe indicado por nosotros y \u00a1Procede con el pago!<\/p>\n","protected":false},"featured_media":2883,"template":"","meta":{"_joinchat":[]},"product_brand":[],"product_cat":[143],"product_tag":[],"class_list":{"0":"post-3377","1":"product","2":"type-product","3":"status-publish","4":"has-post-thumbnail","6":"product_cat-servicios-especiales","8":"first","9":"instock","10":"virtual","11":"sold-individually","12":"taxable","13":"purchasable","14":"product-type-simple"},"_links":{"self":[{"href":"https:\/\/floristeriatrevol.com\/es\/wp-json\/wp\/v2\/product\/3377","targetHints":{"allow":["GET"]}}],"collection":[{"href":"https:\/\/floristeriatrevol.com\/es\/wp-json\/wp\/v2\/product"}],"about":[{"href":"https:\/\/floristeriatrevol.com\/es\/wp-json\/wp\/v2\/types\/product"}],"wp:featuredmedia":[{"embeddable":true,"href":"https:\/\/floristeriatrevol.com\/es\/wp-json\/wp\/v2\/media\/2883"}],"wp:attachment":[{"href":"https:\/\/floristeriatrevol.com\/es\/wp-json\/wp\/v2\/media?parent=3377"}],"wp:term":[{"taxonomy":"product_brand","embeddable":true,"href":"https:\/\/floristeriatrevol.com\/es\/wp-json\/wp\/v2\/product_brand?post=3377"},{"taxonomy":"product_cat","embeddable":true,"href":"https:\/\/floristeriatrevol.com\/es\/wp-json\/wp\/v2\/product_cat?post=3377"},{"taxonomy":"product_tag","embeddable":true,"href":"https:\/\/floristeriatrevol.com\/es\/wp-json\/wp\/v2\/product_tag?post=3377"}],"curies":[{"name":"wp","href":"https:\/\/api.w.org\/{rel}","templated":true}]}}