{"id":3375,"date":"2021-09-01T08:41:55","date_gmt":"2021-09-01T08:41:55","guid":{"rendered":"http:\/\/floristeriatrevol.com\/botiga\/planta-phalenopsis-lila\/"},"modified":"2023-01-20T08:56:52","modified_gmt":"2023-01-20T08:56:52","slug":"planta-phalenopsis-lila","status":"publish","type":"product","link":"https:\/\/floristeriatrevol.com\/es\/botiga\/planta-phalenopsis-lila\/","title":{"rendered":"Orqu\u00eddea Lila"},"content":{"rendered":"<p>Orqu\u00eddea phalenopsis en tonalidad de fucsia a lila. La orqu\u00eddea es una de las plantas que m\u00e1s tiempo aguantan con floraci\u00f3n. Su proceso de floraci\u00f3n est\u00e1 en primavera y puede alargarse meses, hasta bien avanzado el verano. Necesita mucha luz, pero no solo directa, se recomienda que est\u00e9 cerca de una ventana, a menos de un metro de distancia.<\/p>\n<p>La mejor manera de regarla, es por inmersi\u00f3n, ya que no se plantan con tierra vegetal, se plantan con corteza, y esta repele el agua. Si regamos por arriba echando el agua, pasar\u00e1 tan r\u00e1pido entre las ra\u00edces, que no dar\u00e1 tiempo a que se hidraten. Para regar nuestra orqu\u00eddea por inmersi\u00f3n de forma correcta, cogeremos la planta, y la pondremos dentro de un recipiente de mayor tama\u00f1o. Y lo llenaremos de agua. Hasta que la maceta de la planta, quede totalmente inundada. La dejaremos as\u00ed, durante unos minutos, y despu\u00e9s al sacarla, dejaremos que expulse el agua sobrante y la pondremos de nuevo en su sitio.<\/p>\n<p>Incluye una maceta de cer\u00e1mica.<\/p>\n","protected":false},"excerpt":{"rendered":"<p>La Orqu\u00eddea es una planta de f\u00e1cil cultivo y su floraci\u00f3n dura muchas semanas. Es elegante, delicada y muy decorativa. El color puede variar de intensidad, dentro de la tonalidad entre fucsia y lila, dependiendo del stock semanal. \u00a1Un regalo perfecto para cualquier momento! Incluye maceta de cer\u00e1mica y decoraci\u00f3n.<\/p>\n<p>Si deseas saber exactamente qu\u00e9 tonalidad tenemos hoy, con una maduraci\u00f3n perfecta, cont\u00e1ctanos.<\/p>\n<p>&nbsp;<\/p>\n","protected":false},"featured_media":2975,"template":"","meta":{"_joinchat":[]},"product_brand":[],"product_cat":[134],"product_tag":[282,398,384,278],"class_list":{"0":"post-3375","1":"product","2":"type-product","3":"status-publish","4":"has-post-thumbnail","6":"product_cat-plantas","7":"product_tag-orquidea","8":"product_tag-phalenopsis-es","9":"product_tag-planta-con-flor","10":"product_tag-planta-de-interior","12":"first","13":"instock","14":"sold-individually","15":"taxable","16":"shipping-taxable","17":"purchasable","18":"product-type-simple"},"_links":{"self":[{"href":"https:\/\/floristeriatrevol.com\/es\/wp-json\/wp\/v2\/product\/3375","targetHints":{"allow":["GET"]}}],"collection":[{"href":"https:\/\/floristeriatrevol.com\/es\/wp-json\/wp\/v2\/product"}],"about":[{"href":"https:\/\/floristeriatrevol.com\/es\/wp-json\/wp\/v2\/types\/product"}],"wp:featuredmedia":[{"embeddable":true,"href":"https:\/\/floristeriatrevol.com\/es\/wp-json\/wp\/v2\/media\/2975"}],"wp:attachment":[{"href":"https:\/\/floristeriatrevol.com\/es\/wp-json\/wp\/v2\/media?parent=3375"}],"wp:term":[{"taxonomy":"product_brand","embeddable":true,"href":"https:\/\/floristeriatrevol.com\/es\/wp-json\/wp\/v2\/product_brand?post=3375"},{"taxonomy":"product_cat","embeddable":true,"href":"https:\/\/floristeriatrevol.com\/es\/wp-json\/wp\/v2\/product_cat?post=3375"},{"taxonomy":"product_tag","embeddable":true,"href":"https:\/\/floristeriatrevol.com\/es\/wp-json\/wp\/v2\/product_tag?post=3375"}],"curies":[{"name":"wp","href":"https:\/\/api.w.org\/{rel}","templated":true}]}}