{"id":3374,"date":"2020-04-24T16:51:59","date_gmt":"2020-04-24T16:51:59","guid":{"rendered":"http:\/\/floristeriatrevol.com\/botiga\/agata\/"},"modified":"2020-04-24T16:51:59","modified_gmt":"2020-04-24T16:51:59","slug":"agata-2","status":"publish","type":"product","link":"https:\/\/floristeriatrevol.com\/es\/botiga\/agata-2\/","title":{"rendered":"\u00c1gata"},"content":{"rendered":"<p>Centro funerario compuesto por 12 rosas blancas, complementos y verdes. Las rosas blancas significan pureza, sencillez y paz. Por un obsequio de despedida son muy adecuadas, y siempre ser\u00e1n bien recibidas. En este caso, hemos escogido confeccionar el centro \u00c1gata con rosas blancas pero este centro queda perfecto con cualquier otro color de rosas. Rojo, rosa, amarillo&#8230; Incluso combinando dos o m\u00e1s colores simult\u00e1neamente. Si deseas personalizar tu centro de flores, escogiendo el color o n\u00famero de rosas, contacta con nosotros. Incluye una cinta con dedicatoria impresa con letra dorada.<\/p>\n<p>Si se trata de un pedido urgente, cont\u00e1ctanos por tel\u00e9fono directamente al 977773101 o por whatsapp.<\/p>\n","protected":false},"excerpt":{"rendered":"<p>Elegante centro de 12 rosas blancas con decoraci\u00f3n de distintos verdes. Incluye cinta con dedicatoria impresa y letra dorada.<\/p>\n<p>Si se trata de un pedido urgente, llamar directamente al 977773101 o consulte por whatsapp.<\/p>\n<p>&nbsp;<\/p>\n","protected":false},"featured_media":3004,"template":"","meta":{"_joinchat":[]},"product_brand":[],"product_cat":[118,119],"product_tag":[286,326,325,261,289],"class_list":{"0":"post-3374","1":"product","2":"type-product","3":"status-publish","4":"has-post-thumbnail","6":"product_cat-arte-funerario-es","7":"product_cat-centro-funerario-es","8":"product_tag-centro-funerario","9":"product_tag-centro-funerario-de-rosas","10":"product_tag-detalle-floral-de-pesame","11":"product_tag-flores-tanatorio","12":"product_tag-rosas-blancas","14":"first","15":"instock","16":"sold-individually","17":"taxable","18":"shipping-taxable","19":"purchasable","20":"product-type-simple"},"_links":{"self":[{"href":"https:\/\/floristeriatrevol.com\/es\/wp-json\/wp\/v2\/product\/3374","targetHints":{"allow":["GET"]}}],"collection":[{"href":"https:\/\/floristeriatrevol.com\/es\/wp-json\/wp\/v2\/product"}],"about":[{"href":"https:\/\/floristeriatrevol.com\/es\/wp-json\/wp\/v2\/types\/product"}],"wp:featuredmedia":[{"embeddable":true,"href":"https:\/\/floristeriatrevol.com\/es\/wp-json\/wp\/v2\/media\/3004"}],"wp:attachment":[{"href":"https:\/\/floristeriatrevol.com\/es\/wp-json\/wp\/v2\/media?parent=3374"}],"wp:term":[{"taxonomy":"product_brand","embeddable":true,"href":"https:\/\/floristeriatrevol.com\/es\/wp-json\/wp\/v2\/product_brand?post=3374"},{"taxonomy":"product_cat","embeddable":true,"href":"https:\/\/floristeriatrevol.com\/es\/wp-json\/wp\/v2\/product_cat?post=3374"},{"taxonomy":"product_tag","embeddable":true,"href":"https:\/\/floristeriatrevol.com\/es\/wp-json\/wp\/v2\/product_tag?post=3374"}],"curies":[{"name":"wp","href":"https:\/\/api.w.org\/{rel}","templated":true}]}}