{"id":3294,"date":"2022-01-31T10:08:39","date_gmt":"2022-01-31T10:08:39","guid":{"rendered":"http:\/\/floristeriatrevol.com\/botiga\/love-princess\/"},"modified":"2025-02-13T18:35:08","modified_gmt":"2025-02-13T18:35:08","slug":"love-princess","status":"publish","type":"product","link":"https:\/\/floristeriatrevol.com\/es\/botiga\/love-princess\/","title":{"rendered":"Love Princess"},"content":{"rendered":"<p>Love Princess, como en una pel\u00edcula de Disney, obsequiar a una rosa eterna dentro de una c\u00fapula, simboliza un amor eterno, que va m\u00e1s all\u00e1 de todo. Un amor puro y sincero, que traspasa barreras, donde las condiciones sociales y aspecto f\u00edsico no importan, un amor por unir dos almas para siempre.<\/p>\n<p>Rosa preservada, que se mantendr\u00e1 mucho tiempo, puesto que dentro de la c\u00fapula queda muy protegida. Regalo original, lleno de significado, ideal para una fecha se\u00f1alada o San Valent\u00edn.<\/p>\n","protected":false},"excerpt":{"rendered":"<p>C\u00fapula de vidrio, con rosa natural preservada de duraci\u00f3n eterna. Como en un cuento de Princesas, regala una rosa de amor eterno que simboliza un amor puro y eterno.<\/p>\n<p>Encomienda tu rosa de La Bella y la Bestia, y la podr\u00e1s enviar a domicilio o recogerla en la tienda.<\/p>\n","protected":false},"featured_media":2990,"template":"","meta":{"_joinchat":[]},"product_brand":[],"product_cat":[124,135,140,139,141],"product_tag":[393,394,395,332],"class_list":{"0":"post-3294","1":"product","2":"type-product","3":"status-publish","4":"has-post-thumbnail","6":"product_cat-dia-de-la-madre","7":"product_cat-preservados-es","8":"product_cat-san-valnetin","9":"product_cat-sant-jordi-es","10":"product_cat-sorpresas-romanticas","11":"product_tag-cupula-con-rosa","12":"product_tag-la-bella-y-la-bestia","13":"product_tag-rosa-eterna-es","14":"product_tag-rosa-roja","16":"first","17":"instock","18":"featured","19":"sold-individually","20":"taxable","21":"shipping-taxable","22":"purchasable","23":"product-type-simple"},"_links":{"self":[{"href":"https:\/\/floristeriatrevol.com\/es\/wp-json\/wp\/v2\/product\/3294","targetHints":{"allow":["GET"]}}],"collection":[{"href":"https:\/\/floristeriatrevol.com\/es\/wp-json\/wp\/v2\/product"}],"about":[{"href":"https:\/\/floristeriatrevol.com\/es\/wp-json\/wp\/v2\/types\/product"}],"wp:featuredmedia":[{"embeddable":true,"href":"https:\/\/floristeriatrevol.com\/es\/wp-json\/wp\/v2\/media\/2990"}],"wp:attachment":[{"href":"https:\/\/floristeriatrevol.com\/es\/wp-json\/wp\/v2\/media?parent=3294"}],"wp:term":[{"taxonomy":"product_brand","embeddable":true,"href":"https:\/\/floristeriatrevol.com\/es\/wp-json\/wp\/v2\/product_brand?post=3294"},{"taxonomy":"product_cat","embeddable":true,"href":"https:\/\/floristeriatrevol.com\/es\/wp-json\/wp\/v2\/product_cat?post=3294"},{"taxonomy":"product_tag","embeddable":true,"href":"https:\/\/floristeriatrevol.com\/es\/wp-json\/wp\/v2\/product_tag?post=3294"}],"curies":[{"name":"wp","href":"https:\/\/api.w.org\/{rel}","templated":true}]}}