{"id":3285,"date":"2020-04-23T08:23:39","date_gmt":"2020-04-23T08:23:39","guid":{"rendered":"http:\/\/floristeriatrevol.com\/botiga\/artemisa\/"},"modified":"2020-04-23T08:23:39","modified_gmt":"2020-04-23T08:23:39","slug":"artemisa-2","status":"publish","type":"product","link":"https:\/\/floristeriatrevol.com\/es\/botiga\/artemisa-2\/","title":{"rendered":"Artemisa"},"content":{"rendered":"","protected":false},"excerpt":{"rendered":"<p>Estructura en forma de coraz\u00f3n, de material natural, con incrustaciones de flor seca y preservada. El aroma del espliego le aporta un valor a\u00f1adido. Como idea decorativa, hay la opci\u00f3n de lucirlo colgado, medida, 22 cm. en diagonal.<\/p>\n","protected":false},"featured_media":2969,"template":"","meta":{"_joinchat":[]},"product_brand":[],"product_cat":[124,135],"product_tag":[],"class_list":{"0":"post-3285","1":"product","2":"type-product","3":"status-publish","4":"has-post-thumbnail","6":"product_cat-dia-de-la-madre","7":"product_cat-preservados-es","9":"first","10":"instock","11":"sold-individually","12":"taxable","13":"shipping-taxable","14":"purchasable","15":"product-type-simple"},"_links":{"self":[{"href":"https:\/\/floristeriatrevol.com\/es\/wp-json\/wp\/v2\/product\/3285","targetHints":{"allow":["GET"]}}],"collection":[{"href":"https:\/\/floristeriatrevol.com\/es\/wp-json\/wp\/v2\/product"}],"about":[{"href":"https:\/\/floristeriatrevol.com\/es\/wp-json\/wp\/v2\/types\/product"}],"wp:featuredmedia":[{"embeddable":true,"href":"https:\/\/floristeriatrevol.com\/es\/wp-json\/wp\/v2\/media\/2969"}],"wp:attachment":[{"href":"https:\/\/floristeriatrevol.com\/es\/wp-json\/wp\/v2\/media?parent=3285"}],"wp:term":[{"taxonomy":"product_brand","embeddable":true,"href":"https:\/\/floristeriatrevol.com\/es\/wp-json\/wp\/v2\/product_brand?post=3285"},{"taxonomy":"product_cat","embeddable":true,"href":"https:\/\/floristeriatrevol.com\/es\/wp-json\/wp\/v2\/product_cat?post=3285"},{"taxonomy":"product_tag","embeddable":true,"href":"https:\/\/floristeriatrevol.com\/es\/wp-json\/wp\/v2\/product_tag?post=3285"}],"curies":[{"name":"wp","href":"https:\/\/api.w.org\/{rel}","templated":true}]}}