{"id":3283,"date":"2020-04-23T08:28:33","date_gmt":"2020-04-23T08:28:33","guid":{"rendered":"http:\/\/floristeriatrevol.com\/botiga\/zeus\/"},"modified":"2020-04-23T08:28:33","modified_gmt":"2020-04-23T08:28:33","slug":"zeus-2","status":"publish","type":"product","link":"https:\/\/floristeriatrevol.com\/es\/botiga\/zeus-2\/","title":{"rendered":"Zeus"},"content":{"rendered":"","protected":false},"excerpt":{"rendered":"<p>Farolillo de ca\u00f1a blanca con flor preservada y seca. Flor de algod\u00f3n y rosas de aspecto envejecido, contrastan junto a las hortensias granates y la variedad de eucalipto. Peque\u00f1os complementos nos aportan luz y vitalidad en el centro. Di\u00e1metro 30 cm.<\/p>\n","protected":false},"featured_media":2971,"template":"","meta":{"_joinchat":[]},"product_brand":[],"product_cat":[124,135],"product_tag":[],"class_list":{"0":"post-3283","1":"product","2":"type-product","3":"status-publish","4":"has-post-thumbnail","6":"product_cat-dia-de-la-madre","7":"product_cat-preservados-es","9":"first","10":"instock","11":"sold-individually","12":"taxable","13":"shipping-taxable","14":"purchasable","15":"product-type-simple"},"_links":{"self":[{"href":"https:\/\/floristeriatrevol.com\/es\/wp-json\/wp\/v2\/product\/3283","targetHints":{"allow":["GET"]}}],"collection":[{"href":"https:\/\/floristeriatrevol.com\/es\/wp-json\/wp\/v2\/product"}],"about":[{"href":"https:\/\/floristeriatrevol.com\/es\/wp-json\/wp\/v2\/types\/product"}],"wp:featuredmedia":[{"embeddable":true,"href":"https:\/\/floristeriatrevol.com\/es\/wp-json\/wp\/v2\/media\/2971"}],"wp:attachment":[{"href":"https:\/\/floristeriatrevol.com\/es\/wp-json\/wp\/v2\/media?parent=3283"}],"wp:term":[{"taxonomy":"product_brand","embeddable":true,"href":"https:\/\/floristeriatrevol.com\/es\/wp-json\/wp\/v2\/product_brand?post=3283"},{"taxonomy":"product_cat","embeddable":true,"href":"https:\/\/floristeriatrevol.com\/es\/wp-json\/wp\/v2\/product_cat?post=3283"},{"taxonomy":"product_tag","embeddable":true,"href":"https:\/\/floristeriatrevol.com\/es\/wp-json\/wp\/v2\/product_tag?post=3283"}],"curies":[{"name":"wp","href":"https:\/\/api.w.org\/{rel}","templated":true}]}}