{"id":3279,"date":"2020-04-18T10:10:39","date_gmt":"2020-04-18T10:10:39","guid":{"rendered":"http:\/\/floristeriatrevol.com\/botiga\/granate\/"},"modified":"2023-01-17T20:00:48","modified_gmt":"2023-01-17T20:00:48","slug":"granate","status":"publish","type":"product","link":"https:\/\/floristeriatrevol.com\/es\/botiga\/granate\/","title":{"rendered":"Granate"},"content":{"rendered":"<p>Centro funerario de claveles, realizado con claveles de color blanco y rosa. Centro de gama b\u00e1sica, en forma de almohada, cl\u00e1sico y elegante. El clavel es una flor de las m\u00e1s utilizadas en las composiciones de arte floral. Si deseas personalizar este trabajo con otros colores u otras cantidades de flores, cont\u00e1ctanos.<\/p>\n<p>Incluye cinta por dedicatoria, impresa con tinta dorada. Un toque de distinci\u00f3n a\u00f1adido al trabajo floral.<\/p>\n<p>Si se trata de un pedido urgente, llame por tel\u00e9fono al 606410532 o contacte por whatsapp<\/p>\n","protected":false},"excerpt":{"rendered":"<p>Centro de claveles blancos y rosa, un cl\u00e1sico por una muestra de p\u00e9same discreta. Incluye Cinta con dedicatoria impresa.<\/p>\n<p>Podemos realizar este trabajo con otros colores y personalizarlo.<\/p>\n<p>Si el pedido es urgente, llamar al 977773101 o contactar por whatsapp.<\/p>\n","protected":false},"featured_media":2921,"template":"","meta":{"_joinchat":[]},"product_brand":[],"product_cat":[118,119],"product_tag":[337,233,339,340,335],"class_list":{"0":"post-3279","1":"product","2":"type-product","3":"status-publish","4":"has-post-thumbnail","6":"product_cat-arte-funerario-es","7":"product_cat-centro-funerario-es","8":"product_tag-arte-funerario","9":"product_tag-centro-de-flores-es","10":"product_tag-centro-de-pesame","11":"product_tag-envio-de-flores","12":"product_tag-flores-por-tanatorio","14":"first","15":"instock","16":"sold-individually","17":"taxable","18":"shipping-taxable","19":"purchasable","20":"product-type-simple"},"_links":{"self":[{"href":"https:\/\/floristeriatrevol.com\/es\/wp-json\/wp\/v2\/product\/3279","targetHints":{"allow":["GET"]}}],"collection":[{"href":"https:\/\/floristeriatrevol.com\/es\/wp-json\/wp\/v2\/product"}],"about":[{"href":"https:\/\/floristeriatrevol.com\/es\/wp-json\/wp\/v2\/types\/product"}],"wp:featuredmedia":[{"embeddable":true,"href":"https:\/\/floristeriatrevol.com\/es\/wp-json\/wp\/v2\/media\/2921"}],"wp:attachment":[{"href":"https:\/\/floristeriatrevol.com\/es\/wp-json\/wp\/v2\/media?parent=3279"}],"wp:term":[{"taxonomy":"product_brand","embeddable":true,"href":"https:\/\/floristeriatrevol.com\/es\/wp-json\/wp\/v2\/product_brand?post=3279"},{"taxonomy":"product_cat","embeddable":true,"href":"https:\/\/floristeriatrevol.com\/es\/wp-json\/wp\/v2\/product_cat?post=3279"},{"taxonomy":"product_tag","embeddable":true,"href":"https:\/\/floristeriatrevol.com\/es\/wp-json\/wp\/v2\/product_tag?post=3279"}],"curies":[{"name":"wp","href":"https:\/\/api.w.org\/{rel}","templated":true}]}}