{"id":3278,"date":"2020-03-20T23:06:33","date_gmt":"2020-03-20T23:06:33","guid":{"rendered":"http:\/\/floristeriatrevol.com\/botiga\/rubi\/"},"modified":"2023-01-20T08:58:33","modified_gmt":"2023-01-20T08:58:33","slug":"rubi","status":"publish","type":"product","link":"https:\/\/floristeriatrevol.com\/es\/botiga\/rubi\/","title":{"rendered":"Rub\u00ed"},"content":{"rendered":"<p>Corona de flores para defunci\u00f3n. Corona realizada con combinaci\u00f3n de flores de temporada con tonalidades rosadas, marfil y blancas. Este trabajo funerario, resulta muy entra\u00f1able, su variedad de flores y verdes, la convierte en un obsequio de p\u00e9same muy adecuado. En esta ocasi\u00f3n hemos escogido las tonalidades de rosa a fucsia combinadas con el blanco y el marfil, aunque, como siempre, podemos personalizar este trabajo floral con los colores que desees. Puedes contactarnos, y te ayudaremos a realizar la mejor elecci\u00f3n en funci\u00f3n de tus preferencias. Incluye una cinta funeraria por el mensaje de p\u00e9same.<\/p>\n<p>Confeccionamos cada corona especialmente por el pedido recibido, con la mejor selecci\u00f3n de flores frescas, y haremos entrega con la mayor rapidez posible. Hacemos entrega de flores, directamente en el Tanatorio de Reus, Tanatorio de Tarragona y otros tanatorios de la provincia.<\/p>\n<p>Si se trata de un pedido urgente, llame directamente al 977773101 o contacte por<\/p>\n","protected":false},"excerpt":{"rendered":"<p>Corona de medida grande, con rosas blancas y de color rosa. Complementada con flores de temporada en los mismos tonos. Incluye Cinta con dedicatoria impresa. Confeccionamos cada corona especialmente por el pedido recibido, con la mejor selecci\u00f3n de flores frescas, y haremos entrega con la mayor rapidez posible. Hacemos entrega de flores, directamente en el Tanatorio de Reus, Tanatorio de Tarragona y otros tanatorios de la provincia.<\/p>\n<p>Si se trata de un pedido urgente, llame directamente al 977773101 o contacte por<\/p>\n","protected":false},"featured_media":2958,"template":"","meta":{"_joinchat":[]},"product_brand":[],"product_cat":[118,120],"product_tag":[],"class_list":{"0":"post-3278","1":"product","2":"type-product","3":"status-publish","4":"has-post-thumbnail","6":"product_cat-arte-funerario-es","7":"product_cat-coronas","9":"first","10":"instock","11":"sold-individually","12":"taxable","13":"shipping-taxable","14":"purchasable","15":"product-type-simple"},"_links":{"self":[{"href":"https:\/\/floristeriatrevol.com\/es\/wp-json\/wp\/v2\/product\/3278","targetHints":{"allow":["GET"]}}],"collection":[{"href":"https:\/\/floristeriatrevol.com\/es\/wp-json\/wp\/v2\/product"}],"about":[{"href":"https:\/\/floristeriatrevol.com\/es\/wp-json\/wp\/v2\/types\/product"}],"wp:featuredmedia":[{"embeddable":true,"href":"https:\/\/floristeriatrevol.com\/es\/wp-json\/wp\/v2\/media\/2958"}],"wp:attachment":[{"href":"https:\/\/floristeriatrevol.com\/es\/wp-json\/wp\/v2\/media?parent=3278"}],"wp:term":[{"taxonomy":"product_brand","embeddable":true,"href":"https:\/\/floristeriatrevol.com\/es\/wp-json\/wp\/v2\/product_brand?post=3278"},{"taxonomy":"product_cat","embeddable":true,"href":"https:\/\/floristeriatrevol.com\/es\/wp-json\/wp\/v2\/product_cat?post=3278"},{"taxonomy":"product_tag","embeddable":true,"href":"https:\/\/floristeriatrevol.com\/es\/wp-json\/wp\/v2\/product_tag?post=3278"}],"curies":[{"name":"wp","href":"https:\/\/api.w.org\/{rel}","templated":true}]}}