{"id":3271,"date":"2020-04-24T16:54:26","date_gmt":"2020-04-24T16:54:26","guid":{"rendered":"http:\/\/floristeriatrevol.com\/botiga\/galena\/"},"modified":"2020-04-24T16:54:26","modified_gmt":"2020-04-24T16:54:26","slug":"galena-2","status":"publish","type":"product","link":"https:\/\/floristeriatrevol.com\/es\/botiga\/galena-2\/","title":{"rendered":"Galena"},"content":{"rendered":"<p>Lo centre Galena, es un centro funerario de 24 rosas blancas. Acompa\u00f1ado con verdes, y complementos de peque\u00f1as flores. La rosa blanca, es s\u00edmbolo de pureza, de paz, de bondad. Este centro de flores, es perfecto por un detalle elegante y discreto de despedida. Si deseas el mismo centro con otro color, contactanos Igualmente si deseas un n\u00famero concreto de rosas, personalizamos 100% nuestros trabajos. Confeccionamos los centros florales especialmente por cada pedido, seleccionando las mejores flores de cada temporada para ofrecer una m\u00e1xima calidad del producto.<\/p>\n<p>Incluye cinta con dedicatoria impresa.<\/p>\n<p>Si tu pedido es urgente, llamanos directamente al 977773101<\/p>\n","protected":false},"excerpt":{"rendered":"<p>Centro de 24 rosas blancas con decoraci\u00f3n de diferentes verdes: Incluye cinta con dedicatoria impresa.<\/p>\n<p>Si deseas este centro con otro color, cont\u00e1ctanos.<\/p>\n<p>Por pedidos urgentes, llama directamente al 977773101<\/p>\n<p>&nbsp;<\/p>\n","protected":false},"featured_media":3005,"template":"","meta":{"_joinchat":[]},"product_brand":[],"product_cat":[118,119],"product_tag":[285,286,287,289,288],"class_list":{"0":"post-3271","1":"product","2":"type-product","3":"status-publish","4":"has-post-thumbnail","6":"product_cat-arte-funerario-es","7":"product_cat-centro-funerario-es","8":"product_tag-centro-de-rosas","9":"product_tag-centro-funerario","10":"product_tag-flores-tanarorio","11":"product_tag-rosas-blancas","12":"product_tag-rosas-para-funeral","14":"first","15":"instock","16":"sold-individually","17":"taxable","18":"shipping-taxable","19":"purchasable","20":"product-type-simple"},"_links":{"self":[{"href":"https:\/\/floristeriatrevol.com\/es\/wp-json\/wp\/v2\/product\/3271","targetHints":{"allow":["GET"]}}],"collection":[{"href":"https:\/\/floristeriatrevol.com\/es\/wp-json\/wp\/v2\/product"}],"about":[{"href":"https:\/\/floristeriatrevol.com\/es\/wp-json\/wp\/v2\/types\/product"}],"wp:featuredmedia":[{"embeddable":true,"href":"https:\/\/floristeriatrevol.com\/es\/wp-json\/wp\/v2\/media\/3005"}],"wp:attachment":[{"href":"https:\/\/floristeriatrevol.com\/es\/wp-json\/wp\/v2\/media?parent=3271"}],"wp:term":[{"taxonomy":"product_brand","embeddable":true,"href":"https:\/\/floristeriatrevol.com\/es\/wp-json\/wp\/v2\/product_brand?post=3271"},{"taxonomy":"product_cat","embeddable":true,"href":"https:\/\/floristeriatrevol.com\/es\/wp-json\/wp\/v2\/product_cat?post=3271"},{"taxonomy":"product_tag","embeddable":true,"href":"https:\/\/floristeriatrevol.com\/es\/wp-json\/wp\/v2\/product_tag?post=3271"}],"curies":[{"name":"wp","href":"https:\/\/api.w.org\/{rel}","templated":true}]}}