{"id":3269,"date":"2020-04-23T09:49:11","date_gmt":"2020-04-23T09:49:11","guid":{"rendered":"http:\/\/floristeriatrevol.com\/botiga\/roure\/"},"modified":"2020-04-23T09:49:11","modified_gmt":"2020-04-23T09:49:11","slug":"roure-2","status":"publish","type":"product","link":"https:\/\/floristeriatrevol.com\/es\/botiga\/roure-2\/","title":{"rendered":"Roure"},"content":{"rendered":"<p>Centro de mesa en base r\u00fastica. Flores de lisianthus blancas, y de verdes hemos escogido eucaliptos y lentiscle. Complementamos con flores de paniculata blanca, una rama de salix natural y un toque de rafia vegetal. Este centro de mesa, es muy vers\u00e1til Nos puede decorar una tabla de una comida por un d\u00eda de celebraci\u00f3n, o cualquier otro rinc\u00f3n de la casa, con mucha naturalidad y delicadeza. Conoc\u00edas los lisianthus? Su aspecto se podr\u00eda asemejar al de una rosa de pitimin\u00ed, pero con un aire una mes silvestre. ada tallo de lisianthus puerta unas 5 flores abiertas y varias poncelles para abrir. Una flor muy utilizada en decoraciones por su elegancia y duraci\u00f3n. Tambi\u00e9n existe en tonalidades lilas, roc\u00edos y champ\u00e1n. Una flor sin duda, para descubrir!! te gustar\u00eda este mismo centro pero con otro color o medida, cont\u00e1ctanos. Personalizamos nuestros trabajos a tu gusto.<\/p>\n","protected":false},"excerpt":{"rendered":"<p>Base de madera (el modelo puede variar): composici\u00f3n de estilo org\u00e1nico, solo se utilizan colores naturales que nos transmiten armonia y serenidad, con flores de lisiantum blanco, para aportar luz al trabajo. Repartimos diariamente en Reus, Tarragona y cercan\u00edas. <\/p>\n<p><span style=\"font-size:75%; line-height:0px;\"> En este trabajo, la flor es de temporada, y se posible que nos vemos obligados a hacer alguna modificaci\u00f3n. Si desea ser avisado por whatsapp o llamada de tel\u00e9fono, en el caso de que se tenga que sustituir alg\u00fan elemento del trabajo, lo puede indicar al formulario de finalizaci\u00f3n de compra a notas de la el pedido. Si no desea ser avisado, nosotros escogeremos la mejor opci\u00f3n de sustituci\u00f3n, manteniendo o mejorando la calidad de la flor reemplazada.<\/span><\/p>\n","protected":false},"featured_media":2985,"template":"","meta":{"_joinchat":[]},"product_brand":[],"product_cat":[122,127,125,129],"product_tag":[169,170,171,182],"class_list":{"0":"post-3269","1":"product","2":"type-product","3":"status-publish","4":"has-post-thumbnail","6":"product_cat-centros-de-mesa","7":"product_cat-flores-con-base","8":"product_cat-jarrones-y-centros-de-flores","9":"product_cat-menos-de-25e","10":"product_tag-centro-de-flores","11":"product_tag-centro-de-mesa","12":"product_tag-centro-mesa-boda","13":"product_tag-flores-para-casa","15":"first","16":"instock","17":"sold-individually","18":"taxable","19":"shipping-taxable","20":"purchasable","21":"product-type-simple"},"_links":{"self":[{"href":"https:\/\/floristeriatrevol.com\/es\/wp-json\/wp\/v2\/product\/3269","targetHints":{"allow":["GET"]}}],"collection":[{"href":"https:\/\/floristeriatrevol.com\/es\/wp-json\/wp\/v2\/product"}],"about":[{"href":"https:\/\/floristeriatrevol.com\/es\/wp-json\/wp\/v2\/types\/product"}],"wp:featuredmedia":[{"embeddable":true,"href":"https:\/\/floristeriatrevol.com\/es\/wp-json\/wp\/v2\/media\/2985"}],"wp:attachment":[{"href":"https:\/\/floristeriatrevol.com\/es\/wp-json\/wp\/v2\/media?parent=3269"}],"wp:term":[{"taxonomy":"product_brand","embeddable":true,"href":"https:\/\/floristeriatrevol.com\/es\/wp-json\/wp\/v2\/product_brand?post=3269"},{"taxonomy":"product_cat","embeddable":true,"href":"https:\/\/floristeriatrevol.com\/es\/wp-json\/wp\/v2\/product_cat?post=3269"},{"taxonomy":"product_tag","embeddable":true,"href":"https:\/\/floristeriatrevol.com\/es\/wp-json\/wp\/v2\/product_tag?post=3269"}],"curies":[{"name":"wp","href":"https:\/\/api.w.org\/{rel}","templated":true}]}}