{"id":3268,"date":"2022-01-09T09:29:46","date_gmt":"2022-01-09T09:29:46","guid":{"rendered":"http:\/\/floristeriatrevol.com\/botiga\/centre-phalenopsis\/"},"modified":"2022-01-09T09:29:46","modified_gmt":"2022-01-09T09:29:46","slug":"centre-phalenopsis-2","status":"publish","type":"product","link":"https:\/\/floristeriatrevol.com\/es\/botiga\/centre-phalenopsis-2\/","title":{"rendered":"Centre Phalenopsis"},"content":{"rendered":"<p>Aqu\u00ed tenemos el centro phalenopsis, es una preciosa combinaci\u00f3n de una planta de de orqu\u00eddea con su maceta, que podremos conservar cuando las flores que lo acompa\u00f1an se marchiten. Las plantas de orqu\u00eddea phalenopsis, son muy resistentes, aunque no tengan la fama de serlo. Solo hay que tener en cuenta algunas cosas. Ponla siempre muy cerca de una ventana donde reciba luz. No le tendr\u00eda que dar el sol directo muchas horas, a pesar de que un poco de sol de primera hora de la ma\u00f1ana si que le puede ir bien. Ten en cuenta que la floraci\u00f3n es temporal, como todas las floraciones. No esperes que conserve las flores mas all\u00e1 de dos meses, y siempre dependiente de la temperatura. El calor acelera la maduraci\u00f3n de la flor. Lo que si perdura y tienes que conservar, son sus hojas, o sea, la planta.<\/p>\n","protected":false},"excerpt":{"rendered":"<p>Esta composici\u00f3n seduce porque esconde una sorpresa! La orqu\u00eddea phalenopsis es una planta, con su maceta, que podr\u00e1 conservar muchas m\u00e1s semanas. Se presenta acompa\u00f1ada de rosas, liliums y diferentes verdes. El conjunto es voluminoso y con mucha presencia. Llevamos tus flores a Reus, Tarragona y otros pueblos de la provincia.<\/p>\n<p><span style=\"font-size: 75%; line-height: 0px;\"> En este trabajo, la flor es de temporada, y se posible que nos vemos obligados a hacer alguna modificaci\u00f3n. Si desea ser avisado por whatsapp o llamada de tel\u00e9fono, en el caso de que se tenga que sustituir alg\u00fan elemento del trabajo, lo puede indicar al formulario de finalizaci\u00f3n de compra a notas de la el pedido. Si no desea ser avisado, nosotros escogeremos la mejor opci\u00f3n de sustituci\u00f3n, manteniendo o mejorando la calidad de la flor reemplazada.<\/span><\/p>\n","protected":false},"featured_media":2979,"template":"","meta":{"_joinchat":[]},"product_brand":[],"product_cat":[126,124,125,134],"product_tag":[233,283,282,277,199],"class_list":{"0":"post-3268","1":"product","2":"type-product","3":"status-publish","4":"has-post-thumbnail","6":"product_cat-centro-de-flores","7":"product_cat-dia-de-la-madre","8":"product_cat-jarrones-y-centros-de-flores","9":"product_cat-plantas","10":"product_tag-centro-de-flores-es","11":"product_tag-centro-de-orquidea-con-flores","12":"product_tag-orquidea","13":"product_tag-planta-es","14":"product_tag-rosas","16":"first","17":"instock","18":"sold-individually","19":"taxable","20":"shipping-taxable","21":"purchasable","22":"product-type-simple"},"_links":{"self":[{"href":"https:\/\/floristeriatrevol.com\/es\/wp-json\/wp\/v2\/product\/3268","targetHints":{"allow":["GET"]}}],"collection":[{"href":"https:\/\/floristeriatrevol.com\/es\/wp-json\/wp\/v2\/product"}],"about":[{"href":"https:\/\/floristeriatrevol.com\/es\/wp-json\/wp\/v2\/types\/product"}],"wp:featuredmedia":[{"embeddable":true,"href":"https:\/\/floristeriatrevol.com\/es\/wp-json\/wp\/v2\/media\/2979"}],"wp:attachment":[{"href":"https:\/\/floristeriatrevol.com\/es\/wp-json\/wp\/v2\/media?parent=3268"}],"wp:term":[{"taxonomy":"product_brand","embeddable":true,"href":"https:\/\/floristeriatrevol.com\/es\/wp-json\/wp\/v2\/product_brand?post=3268"},{"taxonomy":"product_cat","embeddable":true,"href":"https:\/\/floristeriatrevol.com\/es\/wp-json\/wp\/v2\/product_cat?post=3268"},{"taxonomy":"product_tag","embeddable":true,"href":"https:\/\/floristeriatrevol.com\/es\/wp-json\/wp\/v2\/product_tag?post=3268"}],"curies":[{"name":"wp","href":"https:\/\/api.w.org\/{rel}","templated":true}]}}