{"id":3266,"date":"2021-09-01T08:45:21","date_gmt":"2021-09-01T08:45:21","guid":{"rendered":"http:\/\/floristeriatrevol.com\/botiga\/planta-anthurium\/"},"modified":"2021-09-01T08:45:21","modified_gmt":"2021-09-01T08:45:21","slug":"planta-anthurium-2","status":"publish","type":"product","link":"https:\/\/floristeriatrevol.com\/es\/botiga\/planta-anthurium-2\/","title":{"rendered":"Planta Anthurium"},"content":{"rendered":"<p>Sin duda, es la planta tropical con flor, que mejor se adaptar\u00e1 en el interior de nuestras casas. Sus abundantes flores rojas nos aportan alegr\u00eda y vitalidad. disfrutar de tu planta de anthurium, tengas cuidado de mantenerla cerca de una ventana, para que reciba la luz necesaria. No le tendr\u00eda que tocar demasiado sol directo, pero un poco de sol por la ma\u00f1ana le puede ir muy bien La planta d&#8217;anthurium necessita poco mantenimento No necesita poda, cuando una flor ha llegado al m\u00e1ximo de su maduraci\u00f3n se desprender\u00e1 ella sola de la planta, se secar\u00e1 y solo hay que retirarla. Vigilar con el agua de riego, recuerda que la mayor\u00eda de plantas no prosperan porque las regamos demasiado!!! Regar solo cuando est\u00e9 seca, normalmente entre 6 y 10 d\u00edas. Se presenta decorada.<\/p>\n","protected":false},"excerpt":{"rendered":"<p>Planta d&#8217;anthurium. Una buena opci\u00f3n de planta de interior. De origen tropical, se adapta muy bien en el interior de nuestras casas. Compra ahora tu planta de anthurium y puedes recogerla en la tienda, o le haremos llegar a casa<\/p>\n","protected":false},"featured_media":2974,"template":"","meta":{"_joinchat":[]},"product_brand":[],"product_cat":[134],"product_tag":[277,279,281,278,280],"class_list":{"0":"post-3266","1":"product","2":"type-product","3":"status-publish","4":"has-post-thumbnail","6":"product_cat-plantas","7":"product_tag-planta-es","8":"product_tag-planta-danthurium-es","9":"product_tag-planta-de-flor-es","10":"product_tag-planta-de-interior","11":"product_tag-planta-tropical-es","13":"first","14":"instock","15":"sold-individually","16":"taxable","17":"shipping-taxable","18":"purchasable","19":"product-type-simple"},"_links":{"self":[{"href":"https:\/\/floristeriatrevol.com\/es\/wp-json\/wp\/v2\/product\/3266","targetHints":{"allow":["GET"]}}],"collection":[{"href":"https:\/\/floristeriatrevol.com\/es\/wp-json\/wp\/v2\/product"}],"about":[{"href":"https:\/\/floristeriatrevol.com\/es\/wp-json\/wp\/v2\/types\/product"}],"wp:featuredmedia":[{"embeddable":true,"href":"https:\/\/floristeriatrevol.com\/es\/wp-json\/wp\/v2\/media\/2974"}],"wp:attachment":[{"href":"https:\/\/floristeriatrevol.com\/es\/wp-json\/wp\/v2\/media?parent=3266"}],"wp:term":[{"taxonomy":"product_brand","embeddable":true,"href":"https:\/\/floristeriatrevol.com\/es\/wp-json\/wp\/v2\/product_brand?post=3266"},{"taxonomy":"product_cat","embeddable":true,"href":"https:\/\/floristeriatrevol.com\/es\/wp-json\/wp\/v2\/product_cat?post=3266"},{"taxonomy":"product_tag","embeddable":true,"href":"https:\/\/floristeriatrevol.com\/es\/wp-json\/wp\/v2\/product_tag?post=3266"}],"curies":[{"name":"wp","href":"https:\/\/api.w.org\/{rel}","templated":true}]}}