{"id":3265,"date":"2020-04-23T09:46:59","date_gmt":"2020-04-23T09:46:59","guid":{"rendered":"http:\/\/floristeriatrevol.com\/botiga\/eucaliptus\/"},"modified":"2020-04-23T09:46:59","modified_gmt":"2020-04-23T09:46:59","slug":"eucaliptus-2","status":"publish","type":"product","link":"https:\/\/floristeriatrevol.com\/es\/botiga\/eucaliptus-2\/","title":{"rendered":"Eucaliptus"},"content":{"rendered":"<p>Lo centre Eucalipto, es ideal para decorar una tabla de centro. Composici\u00f3n floral de aspecto natural y r\u00fastico. Flores de lisianthus blanco, eucalipto, paniculata y otros verdes. Base r\u00fastica, ramas de salix naturales y complementos de rafia o similar. Un regalo original, que sigue las tendencias de dise\u00f1o floral actuales. Conoces las flores de lisianthus? Su aspecto puede ser pareciendo al de una rosa. Hay otros colores todos ellos en la gama de rosados y lila. Matizados o de color s\u00f3lido. Si deseas que te preparemos esta composici\u00f3n floral con otras tonalidades, cons\u00faltanos y te haremos otras propuestas dependiendo del stock<\/p>\n<p>El modelo de la base puede variar, puesto que las vaymos renovando constantemente por diferentes modelos. Regalar flores<\/p>\n","protected":false},"excerpt":{"rendered":"<p>Base de madera r\u00fastica (el modelo puede variar), composici\u00f3n de estilo org\u00e1nico, la abundancia de diferentes verdes y ramas nos aportan un sentimiento muy pr\u00f3ximo a la naturaleza Las flores blancas de lisiantum acompa\u00f1an suavemente la composici\u00f3n.<\/p>\n<p><span style=\"font-size: 75%; line-height: 0px;\"> En este trabajo, la flor es de temporada, y se posible que nos vemos obligados a hacer alguna modificaci\u00f3n. Si desea ser avisado por whatsapp o llamada de tel\u00e9fono, en el caso de que se tenga que sustituir alg\u00fan elemento del trabajo, lo puede indicar al formulario de finalizaci\u00f3n de compra a notas de la el pedido. Si no desea ser avisado, nosotros escogeremos la mejor opci\u00f3n de sustituci\u00f3n, manteniendo o mejorando la calidad de la flor reemplazada.<\/span><\/p>\n","protected":false},"featured_media":2984,"template":"","meta":{"_joinchat":[]},"product_brand":[],"product_cat":[127,125],"product_tag":[233,170,276,185],"class_list":{"0":"post-3265","1":"product","2":"type-product","3":"status-publish","4":"has-post-thumbnail","6":"product_cat-flores-con-base","7":"product_cat-jarrones-y-centros-de-flores","8":"product_tag-centro-de-flores-es","9":"product_tag-centro-de-mesa","10":"product_tag-flores-de-temprada","11":"product_tag-regala-flores","13":"first","14":"instock","15":"sold-individually","16":"taxable","17":"shipping-taxable","18":"purchasable","19":"product-type-simple"},"_links":{"self":[{"href":"https:\/\/floristeriatrevol.com\/es\/wp-json\/wp\/v2\/product\/3265","targetHints":{"allow":["GET"]}}],"collection":[{"href":"https:\/\/floristeriatrevol.com\/es\/wp-json\/wp\/v2\/product"}],"about":[{"href":"https:\/\/floristeriatrevol.com\/es\/wp-json\/wp\/v2\/types\/product"}],"wp:featuredmedia":[{"embeddable":true,"href":"https:\/\/floristeriatrevol.com\/es\/wp-json\/wp\/v2\/media\/2984"}],"wp:attachment":[{"href":"https:\/\/floristeriatrevol.com\/es\/wp-json\/wp\/v2\/media?parent=3265"}],"wp:term":[{"taxonomy":"product_brand","embeddable":true,"href":"https:\/\/floristeriatrevol.com\/es\/wp-json\/wp\/v2\/product_brand?post=3265"},{"taxonomy":"product_cat","embeddable":true,"href":"https:\/\/floristeriatrevol.com\/es\/wp-json\/wp\/v2\/product_cat?post=3265"},{"taxonomy":"product_tag","embeddable":true,"href":"https:\/\/floristeriatrevol.com\/es\/wp-json\/wp\/v2\/product_tag?post=3265"}],"curies":[{"name":"wp","href":"https:\/\/api.w.org\/{rel}","templated":true}]}}