{"id":3261,"date":"2021-05-05T16:22:17","date_gmt":"2021-05-05T16:22:17","guid":{"rendered":"http:\/\/floristeriatrevol.com\/botiga\/esmeralda\/"},"modified":"2021-05-05T16:22:17","modified_gmt":"2021-05-05T16:22:17","slug":"esmeralda-2","status":"publish","type":"product","link":"https:\/\/floristeriatrevol.com\/es\/botiga\/esmeralda-2\/","title":{"rendered":"Esmeralda"},"content":{"rendered":"<p>Corona de calidad extra, compuesta \u00fanicamente por Roses y Anthuriums de diferentes tonalidades, las flores de gama alta que m\u00e1s distinci\u00f3n aportan a los trabajos florales. La corona Jade, es de tama\u00f1o grande, la alta calidad de las flores, la convierte sin duda con un obsequio de condolencia muy especial, elegante y de alta categor\u00eda. Nuestros trabajos funerarios, est\u00e1n confeccionados especialmente por cada pedido, y entregados con la m\u00e1xima rapidez posible. Incluye cinta para poder poner una dedicatoria.<\/p>\n<p>Si se trata de un pedido urgente, llama directamente al 977773101.<\/p>\n<p>Entregamos la corona Jade al tanatorio de Reus, tanatorio de Tarragona y otros tanatorios de la provincia de Tarragona.<\/p>\n<p>&nbsp;<\/p>\n<p>&nbsp;<\/p>\n<p>&nbsp;<\/p>\n<p>&nbsp;<\/p>\n<p>&nbsp;<\/p>\n","protected":false},"excerpt":{"rendered":"<p>Corona de medida grande, con dos aplics . La flor principal se la rosa, combinaci\u00f3n de diferentes colores de rosas, complementada con flor de temporada. Trabajo con flores de alta calidad: Incluye Cinta con dedicatoria impresa.<\/p>\n<p>Si deseas una combinaci\u00f3n concreta de colores, cont\u00e1ctanos.<\/p>\n<p>Por pedidos urgentes, llamanos directamente al 977773101<\/p>\n","protected":false},"featured_media":3090,"template":"","meta":{"_joinchat":[]},"product_brand":[],"product_cat":[118,120],"product_tag":[273,272,270,261],"class_list":{"0":"post-3261","1":"product","2":"type-product","3":"status-publish","4":"has-post-thumbnail","6":"product_cat-arte-funerario-es","7":"product_cat-coronas","8":"product_tag-corona-de-flores-defuncion","9":"product_tag-corona-funeral-es","10":"product_tag-flores-condolencia","11":"product_tag-flores-tanatorio","13":"first","14":"instock","15":"taxable","16":"shipping-taxable","17":"purchasable","18":"product-type-simple"},"_links":{"self":[{"href":"https:\/\/floristeriatrevol.com\/es\/wp-json\/wp\/v2\/product\/3261","targetHints":{"allow":["GET"]}}],"collection":[{"href":"https:\/\/floristeriatrevol.com\/es\/wp-json\/wp\/v2\/product"}],"about":[{"href":"https:\/\/floristeriatrevol.com\/es\/wp-json\/wp\/v2\/types\/product"}],"wp:featuredmedia":[{"embeddable":true,"href":"https:\/\/floristeriatrevol.com\/es\/wp-json\/wp\/v2\/media\/3090"}],"wp:attachment":[{"href":"https:\/\/floristeriatrevol.com\/es\/wp-json\/wp\/v2\/media?parent=3261"}],"wp:term":[{"taxonomy":"product_brand","embeddable":true,"href":"https:\/\/floristeriatrevol.com\/es\/wp-json\/wp\/v2\/product_brand?post=3261"},{"taxonomy":"product_cat","embeddable":true,"href":"https:\/\/floristeriatrevol.com\/es\/wp-json\/wp\/v2\/product_cat?post=3261"},{"taxonomy":"product_tag","embeddable":true,"href":"https:\/\/floristeriatrevol.com\/es\/wp-json\/wp\/v2\/product_tag?post=3261"}],"curies":[{"name":"wp","href":"https:\/\/api.w.org\/{rel}","templated":true}]}}