{"id":3260,"date":"2020-04-20T22:42:21","date_gmt":"2020-04-20T22:42:21","guid":{"rendered":"http:\/\/floristeriatrevol.com\/botiga\/ramo-astromelia\/"},"modified":"2020-04-20T22:42:21","modified_gmt":"2020-04-20T22:42:21","slug":"ram-astromelia-2","status":"publish","type":"product","link":"https:\/\/floristeriatrevol.com\/es\/botiga\/ram-astromelia-2\/","title":{"rendered":"Ramo Astromelia"},"content":{"rendered":"<p>Ramo primaveral, colores y flores muy diversas, hacen que este ramo de flores tenga un aspecto totalmente silvestre, y muy alegre. Roses de peque\u00f1o tama\u00f1o, margaritas de colores, astromelies, statices, lirios, gerberes&#8230; todo un surtido de flores, todas ellas hacen una combinaci\u00f3n muy especial. Aseg\u00farate de mantener tu ramo de flores lejos de fuentes de calor. Pora una buena conservaci\u00f3n corta los tallos cada dos d\u00edas y cambia el agua, a\u00f1ade un poco de hielo al jarr\u00f3n. Nosotros entregaremos el ramo de flores con unos sobres de conservante que se para a\u00f1adir al agua. <\/p>\n","protected":false},"excerpt":{"rendered":"<p>Ramo primaveral de gran volumen con toque silvestre, flor de temporada con variedad de colores. Si deseas cambiar las tonalidades de este ramo de flores, ponte en contacto con nosotros! <\/p>\n<p><span style=\"font-size:75%; line-height:0px;\"> En este trabajo, la flor es de temporada, y se posible que nos vemos obligados a hacer alguna modificaci\u00f3n. Si desea ser avisado por whatsapp o llamada de tel\u00e9fono, en el caso de que se tenga que sustituir alg\u00fan elemento del trabajo, lo puede indicar al formulario de finalizaci\u00f3n de compra a notas de la el pedido. Si no desea ser avisado, nosotros escogeremos la mejor opci\u00f3n de sustituci\u00f3n, manteniendo o mejorando la calidad de la flor reemplazada.<\/span><\/p>\n","protected":false},"featured_media":2868,"template":"","meta":{"_joinchat":[]},"product_brand":[],"product_cat":[124,224,138],"product_tag":[176,179,168,183,185],"class_list":{"0":"post-3260","1":"product","2":"type-product","3":"status-publish","4":"has-post-thumbnail","6":"product_cat-dia-de-la-madre","7":"product_cat-ramos","8":"product_cat-ramos-de-flores-variadas","9":"product_tag-flores-de-temporada","10":"product_tag-flores-silvestres","11":"product_tag-ramo-de-flores","12":"product_tag-ramo-de-flores-es","13":"product_tag-regala-flores","15":"first","16":"instock","17":"featured","18":"sold-individually","19":"taxable","20":"shipping-taxable","21":"purchasable","22":"product-type-simple"},"_links":{"self":[{"href":"https:\/\/floristeriatrevol.com\/es\/wp-json\/wp\/v2\/product\/3260","targetHints":{"allow":["GET"]}}],"collection":[{"href":"https:\/\/floristeriatrevol.com\/es\/wp-json\/wp\/v2\/product"}],"about":[{"href":"https:\/\/floristeriatrevol.com\/es\/wp-json\/wp\/v2\/types\/product"}],"wp:featuredmedia":[{"embeddable":true,"href":"https:\/\/floristeriatrevol.com\/es\/wp-json\/wp\/v2\/media\/2868"}],"wp:attachment":[{"href":"https:\/\/floristeriatrevol.com\/es\/wp-json\/wp\/v2\/media?parent=3260"}],"wp:term":[{"taxonomy":"product_brand","embeddable":true,"href":"https:\/\/floristeriatrevol.com\/es\/wp-json\/wp\/v2\/product_brand?post=3260"},{"taxonomy":"product_cat","embeddable":true,"href":"https:\/\/floristeriatrevol.com\/es\/wp-json\/wp\/v2\/product_cat?post=3260"},{"taxonomy":"product_tag","embeddable":true,"href":"https:\/\/floristeriatrevol.com\/es\/wp-json\/wp\/v2\/product_tag?post=3260"}],"curies":[{"name":"wp","href":"https:\/\/api.w.org\/{rel}","templated":true}]}}