{"id":3259,"date":"2020-04-23T09:37:50","date_gmt":"2020-04-23T09:37:50","guid":{"rendered":"http:\/\/floristeriatrevol.com\/botiga\/centro-florencia\/"},"modified":"2020-04-23T09:37:50","modified_gmt":"2020-04-23T09:37:50","slug":"centre-florencia-2","status":"publish","type":"product","link":"https:\/\/floristeriatrevol.com\/es\/botiga\/centre-florencia-2\/","title":{"rendered":"Centro Florencia"},"content":{"rendered":"<p>El centro de flores Florencia, est\u00e1 compuesto por flores blancas de temporada y verdes. Liliums, gerberes y rosas de m\u00e1xima calidad. Complementado con flores de temporada y diferentes verdes. Un centro de estilo cl\u00e1sico y elegante que siempre ser\u00e1 bien recibido como detalle de condolencia. Algunas de las flores del centro Florencia, son de temporada, si tuvi\u00e9ramos que sustituir alguna variedad, lo haremos siempre respetando el color blanco, escogiendo la mejor opci\u00f3n de la flor a remplazada Hacemos entrega cada dia en el tanatorio de Reus, tanatorio de Tarragona y otros tanatorios de la provincia.<\/p>\n<p>El centro de flores por una entrega floral, puede ido acompa\u00f1ado por una cinta impresa en letra dorada o por una tarjeta con sobre cerrado Escoja su opci\u00f3n y a\u00f1ada una frase de apoyo por estos dificils momentos.<\/p>\n<p>Tambi\u00e9n gestionamos entregas florales a tanatorios de todo el pa\u00eds, este servicio se contrata solo por tel\u00e9fono.<\/p>\n","protected":false},"excerpt":{"rendered":"<p>La pureza del blanco se puede sentir en el Centro Florencia, los diferentes verdes y complementos hacen resaltar las flores, manteniendo un aspecto elegante. Reparto de flores diarament al tanatorio de Reus, tanatorio de Tarragona y otros tanatorios de la provincia. Incluye cinta impresa.<\/p>\n<p>&nbsp;<\/p>\n<p>Si necesita una entrega de flores urgente, llame directamente al tel\u00e9fono 977773101.<\/p>\n<p><span style=\"font-size: 75%;\">En este trabajo, la flor es de temporada, y se posible que nos vemos obligados a hacer alguna modificaci\u00f3n. Si desea ser avisado por whatsapp o llamada de tel\u00e9fono, en el caso de que se tenga que sustituir alg\u00fan elemento del trabajo, lo puede indicar al formulario de finalizaci\u00f3n de compra a notas de la el pedido. Si no desea ser avisado, nosotros escogeremos la mejor opci\u00f3n de sustituci\u00f3n, manteniendo o mejorando la calidad de la flor reemplazada.<\/span><\/p>\n","protected":false},"featured_media":2982,"template":"","meta":{"_joinchat":[]},"product_brand":[],"product_cat":[118,119],"product_tag":[267,270,269,268,261,271],"class_list":{"0":"post-3259","1":"product","2":"type-product","3":"status-publish","4":"has-post-thumbnail","6":"product_cat-arte-funerario-es","7":"product_cat-centro-funerario-es","8":"product_tag-centro-de-flores-funeral","9":"product_tag-flores-condolencia","10":"product_tag-flores-defuncion","11":"product_tag-flores-funeral","12":"product_tag-flores-tanatorio","13":"product_tag-ofrenada-floral","15":"first","16":"instock","17":"sold-individually","18":"taxable","19":"shipping-taxable","20":"purchasable","21":"product-type-simple"},"_links":{"self":[{"href":"https:\/\/floristeriatrevol.com\/es\/wp-json\/wp\/v2\/product\/3259","targetHints":{"allow":["GET"]}}],"collection":[{"href":"https:\/\/floristeriatrevol.com\/es\/wp-json\/wp\/v2\/product"}],"about":[{"href":"https:\/\/floristeriatrevol.com\/es\/wp-json\/wp\/v2\/types\/product"}],"wp:featuredmedia":[{"embeddable":true,"href":"https:\/\/floristeriatrevol.com\/es\/wp-json\/wp\/v2\/media\/2982"}],"wp:attachment":[{"href":"https:\/\/floristeriatrevol.com\/es\/wp-json\/wp\/v2\/media?parent=3259"}],"wp:term":[{"taxonomy":"product_brand","embeddable":true,"href":"https:\/\/floristeriatrevol.com\/es\/wp-json\/wp\/v2\/product_brand?post=3259"},{"taxonomy":"product_cat","embeddable":true,"href":"https:\/\/floristeriatrevol.com\/es\/wp-json\/wp\/v2\/product_cat?post=3259"},{"taxonomy":"product_tag","embeddable":true,"href":"https:\/\/floristeriatrevol.com\/es\/wp-json\/wp\/v2\/product_tag?post=3259"}],"curies":[{"name":"wp","href":"https:\/\/api.w.org\/{rel}","templated":true}]}}