{"id":3258,"date":"2021-02-19T09:31:55","date_gmt":"2021-02-19T09:31:55","guid":{"rendered":"http:\/\/floristeriatrevol.com\/botiga\/ambar\/"},"modified":"2021-02-19T09:31:55","modified_gmt":"2021-02-19T09:31:55","slug":"ambar-2","status":"publish","type":"product","link":"https:\/\/floristeriatrevol.com\/es\/botiga\/ambar-2\/","title":{"rendered":"\u00c1mbar"},"content":{"rendered":"<p>Centro funerario estilo piramidal, medida mediana, con rosas ,claveles y liliums, en tonalidades blanco y rosa. Centro para funeral ideal por un detalle de condolencia. Incluye cinta funeraria impresa. Env\u00eda unas flores de despedida, al Tanatorio de Reus, tanatorio de Tarragona y otros de la provincia. Si deseas este trabajo elaborado con otros colores, no dudes al contactarnos, personalizamos totalmente tu pedido.<\/p>\n<p>Si se trata de una entrega de flores urgente, ll\u00e1manos directamente al 977773101.<\/p>\n","protected":false},"excerpt":{"rendered":"<p>Centro de flores de temporada en tonalidades rosadas y blanco. Incluye rosas y surtido de otras flores.<br \/>\nIncluye cinta con dedicatoria.<\/p>\n<p>En este trabajo, la flor es de temporada, y se posible que nos vemos obligados a hacer alguna modificaci\u00f3n. Si desea ser avisado por whatsapp o llamada de tel\u00e9fono, en el caso de que se tenga que sustituir alg\u00fan elemento del trabajo, lo puede indicar al formulario de finalizaci\u00f3n de compra a notas de la el pedido. Si no desea ser avisado, nosotros escogeremos la mejor opci\u00f3n de sustituci\u00f3n, manteniendo o mejorando la calidad de la flor reemplazada.<\/p>\n","protected":false},"featured_media":3067,"template":"","meta":{"_joinchat":[]},"product_brand":[],"product_cat":[118,119],"product_tag":[263,262,261,264,265,266],"class_list":{"0":"post-3258","1":"product","2":"type-product","3":"status-publish","4":"has-post-thumbnail","6":"product_cat-arte-funerario-es","7":"product_cat-centro-funerario-es","8":"product_tag-arte-floral","9":"product_tag-centro-floral-funerario","10":"product_tag-flores-tanatorio","11":"product_tag-floristeria-economica-es","12":"product_tag-tanatorio-reus","13":"product_tag-tanatorio-tarragona","15":"first","16":"instock","17":"taxable","18":"shipping-taxable","19":"purchasable","20":"product-type-simple"},"_links":{"self":[{"href":"https:\/\/floristeriatrevol.com\/es\/wp-json\/wp\/v2\/product\/3258","targetHints":{"allow":["GET"]}}],"collection":[{"href":"https:\/\/floristeriatrevol.com\/es\/wp-json\/wp\/v2\/product"}],"about":[{"href":"https:\/\/floristeriatrevol.com\/es\/wp-json\/wp\/v2\/types\/product"}],"wp:featuredmedia":[{"embeddable":true,"href":"https:\/\/floristeriatrevol.com\/es\/wp-json\/wp\/v2\/media\/3067"}],"wp:attachment":[{"href":"https:\/\/floristeriatrevol.com\/es\/wp-json\/wp\/v2\/media?parent=3258"}],"wp:term":[{"taxonomy":"product_brand","embeddable":true,"href":"https:\/\/floristeriatrevol.com\/es\/wp-json\/wp\/v2\/product_brand?post=3258"},{"taxonomy":"product_cat","embeddable":true,"href":"https:\/\/floristeriatrevol.com\/es\/wp-json\/wp\/v2\/product_cat?post=3258"},{"taxonomy":"product_tag","embeddable":true,"href":"https:\/\/floristeriatrevol.com\/es\/wp-json\/wp\/v2\/product_tag?post=3258"}],"curies":[{"name":"wp","href":"https:\/\/api.w.org\/{rel}","templated":true}]}}