{"id":3244,"date":"2020-04-20T22:41:30","date_gmt":"2020-04-20T22:41:30","guid":{"rendered":"http:\/\/floristeriatrevol.com\/botiga\/ramo-amaranthus\/"},"modified":"2020-04-20T22:41:30","modified_gmt":"2020-04-20T22:41:30","slug":"ram-amaranthus-2","status":"publish","type":"product","link":"https:\/\/floristeriatrevol.com\/es\/botiga\/ram-amaranthus-2\/","title":{"rendered":"Ramo Amaranthus"},"content":{"rendered":"<p>Este ramo de flores, es un ramo muy especial. No es un ramo voluminoso, es un bouquet compacto, elegante y original. Lo lilium blanco de variedad oriental nos aporta un aroma \u00fanico. las astromelies blancas tienen un toque de color burdeus en su centro, y armonizan con las flores de hotensia y amarantus preservadas.Las rosas blancas siempre aportan calidad a los trabajos florales. El eucalipto le acaba de dar la sutilidad que tiene esta composici\u00f3n, con su color verde-azul y el mate de sus hojas. Tambi\u00e9n si es temporada, este eucalipto tendr\u00e1 frutos, y si no es temporada, a\u00f1adiremos un complemento difernet. Hay ocasiones donde no se requiere un ramo muy colorido o muy voluminoso, y este ramo puede resultar perfecto. Ramo discreto, y bonito, \u00fanico&#8230; <\/p>\n","protected":false},"excerpt":{"rendered":"<p>Ramo compacto, flores blancas de calidad extra, con toque de flor preservada eterna de color vino. Sutil y muy elegante. Enviamos este ramo de flores a Reus, Tarragona y cercan\u00edas. Si quieres el ramo Amarantus en otras tonalidades, no dudes a consultarnos, estaremos encantadas de atender las peticiones especiales!!<\/p>\n<p><span style=\"font-size:75%; line-height:0px;\"> En este trabajo, la flor es de temporada, y se posible que nos vemos obligados a hacer alguna modificaci\u00f3n. Si desea ser avisado por whatsapp o llamada de tel\u00e9fono, en el caso de que se tenga que sustituir alg\u00fan elemento del trabajo, lo puede indicar al formulario de finalizaci\u00f3n de compra a notas de la el pedido. Si no desea ser avisado, nosotros escogeremos la mejor opci\u00f3n de sustituci\u00f3n, manteniendo o mejorando la calidad de la flor reemplazada.<\/span><\/p>\n","protected":false},"featured_media":2953,"template":"","meta":{"_joinchat":[]},"product_brand":[],"product_cat":[124,224,138],"product_tag":[181,148,153,183,159,162],"class_list":{"0":"post-3244","1":"product","2":"type-product","3":"status-publish","4":"has-post-thumbnail","6":"product_cat-dia-de-la-madre","7":"product_cat-ramos","8":"product_cat-ramos-de-flores-variadas","9":"product_tag-flores-frescas","10":"product_tag-flores-primaverales","11":"product_tag-ramo-de-ceremonia","12":"product_tag-ramo-de-flores-es","13":"product_tag-ramo-de-regalo","14":"product_tag-regalar-ramos-de-flores","16":"first","17":"instock","18":"sold-individually","19":"taxable","20":"shipping-taxable","21":"purchasable","22":"product-type-simple"},"_links":{"self":[{"href":"https:\/\/floristeriatrevol.com\/es\/wp-json\/wp\/v2\/product\/3244","targetHints":{"allow":["GET"]}}],"collection":[{"href":"https:\/\/floristeriatrevol.com\/es\/wp-json\/wp\/v2\/product"}],"about":[{"href":"https:\/\/floristeriatrevol.com\/es\/wp-json\/wp\/v2\/types\/product"}],"wp:featuredmedia":[{"embeddable":true,"href":"https:\/\/floristeriatrevol.com\/es\/wp-json\/wp\/v2\/media\/2953"}],"wp:attachment":[{"href":"https:\/\/floristeriatrevol.com\/es\/wp-json\/wp\/v2\/media?parent=3244"}],"wp:term":[{"taxonomy":"product_brand","embeddable":true,"href":"https:\/\/floristeriatrevol.com\/es\/wp-json\/wp\/v2\/product_brand?post=3244"},{"taxonomy":"product_cat","embeddable":true,"href":"https:\/\/floristeriatrevol.com\/es\/wp-json\/wp\/v2\/product_cat?post=3244"},{"taxonomy":"product_tag","embeddable":true,"href":"https:\/\/floristeriatrevol.com\/es\/wp-json\/wp\/v2\/product_tag?post=3244"}],"curies":[{"name":"wp","href":"https:\/\/api.w.org\/{rel}","templated":true}]}}