{"id":3243,"date":"2020-04-23T09:44:47","date_gmt":"2020-04-23T09:44:47","guid":{"rendered":"http:\/\/floristeriatrevol.com\/botiga\/cedre\/"},"modified":"2020-04-23T09:44:47","modified_gmt":"2020-04-23T09:44:47","slug":"cedre-2","status":"publish","type":"product","link":"https:\/\/floristeriatrevol.com\/es\/botiga\/cedre-2\/","title":{"rendered":"Cedre"},"content":{"rendered":"<p>El centro de flores Cedre, es un centro alegre y elegante. Confeccionado dentro de una caja de madera con flores frescas de temporada. En este caso hemos puesto liliums, gerberes y rosas rojas. verdes y paniculata. Podemos variar las tonalidades o las flores escogidas para hacer esta composici\u00f3n. Un centro de flores en caja, es una manera diferente a regalar flores. La caja escogida es de madera y los modelos pueden variar en funci\u00f3n del stock, puesto que los vamos renovando a menudo. Conoces las flores de lilium? En este caso, sue\u00f1o liliums de variedad oriental, su caracter\u00edstica es el buen olor que desprenden. Se sirven con flores cerradas, porque una vez en casa, se pueda disfrutar de la composici\u00f3n por mas d\u00edas. Si las primeras flores abiertas se marchitan, es totalmente natural, ya se ir\u00e1n abriendo las nuevas. C\u00f3rtalas para mantener un buen aspecto visual de tu centro de flores.<\/p>\n","protected":false},"excerpt":{"rendered":"<p>Caja de madera (el modelo puede variar), con conjunto de flores que incluye rosas rojas, s\u00edmbolo de amor y fortaleza, acompa\u00f1adas de flores de temporada en blanco y rosa.<\/p>\n<p><span style=\"font-size: 75%; line-height: 0px;\"> En este trabajo, la flor es de temporada, y se posible que nos vemos obligados a hacer alguna modificaci\u00f3n. Si desea ser avisado por whatsapp o llamada de tel\u00e9fono, en el caso de que se tenga que sustituir alg\u00fan elemento del trabajo, lo puede indicar al formulario de finalizaci\u00f3n de compra a notas de la el pedido. Si no desea ser avisado, nosotros escogeremos la mejor opci\u00f3n de sustituci\u00f3n, manteniendo o mejorando la calidad de la flor reemplazada.<\/span><\/p>\n","protected":false},"featured_media":2983,"template":"","meta":{"_joinchat":[]},"product_brand":[],"product_cat":[126,127,125],"product_tag":[233,176,234,235],"class_list":{"0":"post-3243","1":"product","2":"type-product","3":"status-publish","4":"has-post-thumbnail","6":"product_cat-centro-de-flores","7":"product_cat-flores-con-base","8":"product_cat-jarrones-y-centros-de-flores","9":"product_tag-centro-de-flores-es","10":"product_tag-flores-de-temporada","11":"product_tag-flores-en-caja","12":"product_tag-flores-para-regalar","14":"first","15":"instock","16":"sold-individually","17":"taxable","18":"shipping-taxable","19":"purchasable","20":"product-type-simple"},"_links":{"self":[{"href":"https:\/\/floristeriatrevol.com\/es\/wp-json\/wp\/v2\/product\/3243","targetHints":{"allow":["GET"]}}],"collection":[{"href":"https:\/\/floristeriatrevol.com\/es\/wp-json\/wp\/v2\/product"}],"about":[{"href":"https:\/\/floristeriatrevol.com\/es\/wp-json\/wp\/v2\/types\/product"}],"wp:featuredmedia":[{"embeddable":true,"href":"https:\/\/floristeriatrevol.com\/es\/wp-json\/wp\/v2\/media\/2983"}],"wp:attachment":[{"href":"https:\/\/floristeriatrevol.com\/es\/wp-json\/wp\/v2\/media?parent=3243"}],"wp:term":[{"taxonomy":"product_brand","embeddable":true,"href":"https:\/\/floristeriatrevol.com\/es\/wp-json\/wp\/v2\/product_brand?post=3243"},{"taxonomy":"product_cat","embeddable":true,"href":"https:\/\/floristeriatrevol.com\/es\/wp-json\/wp\/v2\/product_cat?post=3243"},{"taxonomy":"product_tag","embeddable":true,"href":"https:\/\/floristeriatrevol.com\/es\/wp-json\/wp\/v2\/product_tag?post=3243"}],"curies":[{"name":"wp","href":"https:\/\/api.w.org\/{rel}","templated":true}]}}