{"id":3242,"date":"2021-02-19T10:08:51","date_gmt":"2021-02-19T10:08:51","guid":{"rendered":"http:\/\/floristeriatrevol.com\/botiga\/burdeos\/"},"modified":"2021-02-19T10:08:51","modified_gmt":"2021-02-19T10:08:51","slug":"burdeos-2","status":"publish","type":"product","link":"https:\/\/floristeriatrevol.com\/es\/botiga\/burdeos-2\/","title":{"rendered":"Burdeos"},"content":{"rendered":"<p>Jarr\u00f3n de vidrio con flores naturales. Combinaci\u00f3n de flores naturales de temporada, aspecto alegre y primaveral. Gerberes, liliums rosas, astromelies, eucaliptos y peque\u00f1as flores de complementos. Los jarrones de vidrio con flores son una buena elecci\u00f3n para regalar. Elegante y c\u00f3modo. Este trabajo, se puede personalizar con las flores y los colores que mas te gusten. Contacta con nosotros para personalizar tu jarr\u00f3n de flores. Seleccionaremos la mejor combinaci\u00f3n de flores de temporada. Imaginas este ramo de flores con tonalidades azules? o Naranjas? Compra tu ramo Burdeos, podr\u00e1s recogerlo en la tienda o hacer que lo llevamos a domicilio. Repartiment diari de flors a Reus, a Tarragona i localitats properes.<\/p>\n","protected":false},"excerpt":{"rendered":"<p>Jarr\u00f3n de vidrio, con rosas y flores de temporada. Alegre y colorido, con combinaci\u00f3n de diferentes verdes y complementos. Jarr\u00f3n incluido.<\/p>\n<p>En este trabajo, la flor es de temporada, y se posible que nos vemos obligados a hacer alguna modificaci\u00f3n. Si desea ser avisado por whatsapp o llamada de tel\u00e9fono, en el caso de que se tenga que sustituir alg\u00fan elemento del trabajo, lo puede indicar al formulario de finalizaci\u00f3n de compra a notas de la el pedido. Si no desea ser avisado, nosotros escogeremos la mejor opci\u00f3n de sustituci\u00f3n, manteniendo o mejorando la calidad de la flor reemplazada.<\/p>\n","protected":false},"featured_media":3068,"template":"","meta":{"_joinchat":[]},"product_brand":[],"product_cat":[128,125],"product_tag":[232,231,176,230,183],"class_list":{"0":"post-3242","1":"product","2":"type-product","3":"status-publish","4":"has-post-thumbnail","6":"product_cat-jarrones-con-flores","7":"product_cat-jarrones-y-centros-de-flores","8":"product_tag-flor-primaverales","9":"product_tag-flores-de-colores","10":"product_tag-flores-de-temporada","11":"product_tag-jarron-con-flores","12":"product_tag-ramo-de-flores-es","14":"first","15":"instock","16":"taxable","17":"shipping-taxable","18":"purchasable","19":"product-type-simple"},"_links":{"self":[{"href":"https:\/\/floristeriatrevol.com\/es\/wp-json\/wp\/v2\/product\/3242","targetHints":{"allow":["GET"]}}],"collection":[{"href":"https:\/\/floristeriatrevol.com\/es\/wp-json\/wp\/v2\/product"}],"about":[{"href":"https:\/\/floristeriatrevol.com\/es\/wp-json\/wp\/v2\/types\/product"}],"wp:featuredmedia":[{"embeddable":true,"href":"https:\/\/floristeriatrevol.com\/es\/wp-json\/wp\/v2\/media\/3068"}],"wp:attachment":[{"href":"https:\/\/floristeriatrevol.com\/es\/wp-json\/wp\/v2\/media?parent=3242"}],"wp:term":[{"taxonomy":"product_brand","embeddable":true,"href":"https:\/\/floristeriatrevol.com\/es\/wp-json\/wp\/v2\/product_brand?post=3242"},{"taxonomy":"product_cat","embeddable":true,"href":"https:\/\/floristeriatrevol.com\/es\/wp-json\/wp\/v2\/product_cat?post=3242"},{"taxonomy":"product_tag","embeddable":true,"href":"https:\/\/floristeriatrevol.com\/es\/wp-json\/wp\/v2\/product_tag?post=3242"}],"curies":[{"name":"wp","href":"https:\/\/api.w.org\/{rel}","templated":true}]}}