{"id":3241,"date":"2022-01-05T09:52:10","date_gmt":"2022-01-05T09:52:10","guid":{"rendered":"http:\/\/floristeriatrevol.com\/botiga\/mimosa\/"},"modified":"2022-01-05T09:52:10","modified_gmt":"2022-01-05T09:52:10","slug":"mimosa-2","status":"publish","type":"product","link":"https:\/\/floristeriatrevol.com\/es\/botiga\/mimosa-2\/","title":{"rendered":"Mimosa"},"content":{"rendered":"<p>Centro de flores compuesto por liliums y gerberes. Flores primaverales que aportan mucha vida a cualquier rinc\u00f3n de nuestra casa. Es posible que las flores de lilium lleguen cerradas dependiente de su maduraci\u00f3n natural. Si es as\u00ed le aguantar\u00e1n m\u00e1s d\u00edas, puesto que la apertura la ver\u00e1 progresar diariamente. Que podemos hacer para conservar por m\u00e1s tiempo nuestro centro floral? Simplemente a\u00f1adir agua en la base, con un poco del conservante\/nutrientes que entregamos con las flores. A disfrutarlas simplemente!!<\/p>\n","protected":false},"excerpt":{"rendered":"<p>Base Vintage (el modelo de la base puede variar, puesto que vamos renovando las bases de manera frecuente). Alegre conjunto de flores de temporada en tonos intensos, un detalle floral muy fresco, lleno de energ\u00eda y optimismo. Es posible que las flores de lilium lleguen cerradas dependiente de su maduraci\u00f3n natural. Si es as\u00ed le aguantar\u00e1n m\u00e1s d\u00edas, puesto que la apertura la ver\u00e1 progresar diariamente. <\/p>\n","protected":false},"featured_media":2986,"template":"","meta":{"_joinchat":[]},"product_brand":[],"product_cat":[126,124,127,125,129],"product_tag":[],"class_list":{"0":"post-3241","1":"product","2":"type-product","3":"status-publish","4":"has-post-thumbnail","6":"product_cat-centro-de-flores","7":"product_cat-dia-de-la-madre","8":"product_cat-flores-con-base","9":"product_cat-jarrones-y-centros-de-flores","10":"product_cat-menos-de-25e","12":"first","13":"instock","14":"sold-individually","15":"taxable","16":"shipping-taxable","17":"purchasable","18":"product-type-simple"},"_links":{"self":[{"href":"https:\/\/floristeriatrevol.com\/es\/wp-json\/wp\/v2\/product\/3241","targetHints":{"allow":["GET"]}}],"collection":[{"href":"https:\/\/floristeriatrevol.com\/es\/wp-json\/wp\/v2\/product"}],"about":[{"href":"https:\/\/floristeriatrevol.com\/es\/wp-json\/wp\/v2\/types\/product"}],"wp:featuredmedia":[{"embeddable":true,"href":"https:\/\/floristeriatrevol.com\/es\/wp-json\/wp\/v2\/media\/2986"}],"wp:attachment":[{"href":"https:\/\/floristeriatrevol.com\/es\/wp-json\/wp\/v2\/media?parent=3241"}],"wp:term":[{"taxonomy":"product_brand","embeddable":true,"href":"https:\/\/floristeriatrevol.com\/es\/wp-json\/wp\/v2\/product_brand?post=3241"},{"taxonomy":"product_cat","embeddable":true,"href":"https:\/\/floristeriatrevol.com\/es\/wp-json\/wp\/v2\/product_cat?post=3241"},{"taxonomy":"product_tag","embeddable":true,"href":"https:\/\/floristeriatrevol.com\/es\/wp-json\/wp\/v2\/product_tag?post=3241"}],"curies":[{"name":"wp","href":"https:\/\/api.w.org\/{rel}","templated":true}]}}