{"id":3240,"date":"2021-12-17T06:18:06","date_gmt":"2021-12-17T06:18:06","guid":{"rendered":"http:\/\/floristeriatrevol.com\/botiga\/arbol-de-la-vida\/"},"modified":"2021-12-17T06:18:06","modified_gmt":"2021-12-17T06:18:06","slug":"arbre-de-la-vida-2","status":"publish","type":"product","link":"https:\/\/floristeriatrevol.com\/es\/botiga\/arbre-de-la-vida-2\/","title":{"rendered":"\u00c1rbol de la vida"},"content":{"rendered":"<p>Caja de madera con \u00e1rbol de la vida. Composici\u00f3n floral con flores preservadas y secas. Regalar flor preservadas, es regalar flores teniendo la certeza de que duraran mucho de tiempo. En esta caja, la composici\u00f3n floral es de eucalipto preservado, espigas blancas y peque\u00f1as flores secas de diferentes variedades. Hemos escogido ttonos tierra, amarillos y colores naturales, que coordinan con el fondo marr\u00f3n del \u00e1rbol de la vida. Un trabajo de artesan\u00eda que dar\u00e1 un toque muy especial a cualquier rinc\u00f3n de tu casa. Tambi\u00e9n est\u00e1 disponible el \u00e1rbol de la vida con el fondo lila o rojo. Y la composici\u00f3n floral se puede hacer personalizada con los colores que mas te gusten. Contacta con nosotros si prefieres este trabajo con otros colores.<\/p>\n","protected":false},"excerpt":{"rendered":"<p>Base de madera, con aplic de \u00e1rbol de la vida. Composici\u00f3n de de flores preservadas, verdes y complementos de duraci\u00f3n eterna. En este caso, hemos escogido colores naturales que nos aportan calidez y naturalidad.<br \/>\nPrefieres este mismo trabajo en otros colores? Disponible en rojo y lila Cont\u00e1ctanos y personalizamos tu opci\u00f3n preferida.<\/p>\n","protected":false},"featured_media":3106,"template":"","meta":{"_joinchat":[]},"product_brand":[],"product_cat":[135,127,125,141],"product_tag":[226,173,229,228,227],"class_list":{"0":"post-3240","1":"product","2":"type-product","3":"status-publish","4":"has-post-thumbnail","6":"product_cat-preservados-es","7":"product_cat-flores-con-base","8":"product_cat-jarrones-y-centros-de-flores","9":"product_cat-sorpresas-romanticas","10":"product_tag-arbol-de-la-vida","11":"product_tag-flor-preservada-es","12":"product_tag-flores-estabilizadas","13":"product_tag-flores-eternas","14":"product_tag-regalar-flor-preservada-es","16":"first","17":"instock","18":"taxable","19":"shipping-taxable","20":"purchasable","21":"product-type-simple"},"_links":{"self":[{"href":"https:\/\/floristeriatrevol.com\/es\/wp-json\/wp\/v2\/product\/3240","targetHints":{"allow":["GET"]}}],"collection":[{"href":"https:\/\/floristeriatrevol.com\/es\/wp-json\/wp\/v2\/product"}],"about":[{"href":"https:\/\/floristeriatrevol.com\/es\/wp-json\/wp\/v2\/types\/product"}],"wp:featuredmedia":[{"embeddable":true,"href":"https:\/\/floristeriatrevol.com\/es\/wp-json\/wp\/v2\/media\/3106"}],"wp:attachment":[{"href":"https:\/\/floristeriatrevol.com\/es\/wp-json\/wp\/v2\/media?parent=3240"}],"wp:term":[{"taxonomy":"product_brand","embeddable":true,"href":"https:\/\/floristeriatrevol.com\/es\/wp-json\/wp\/v2\/product_brand?post=3240"},{"taxonomy":"product_cat","embeddable":true,"href":"https:\/\/floristeriatrevol.com\/es\/wp-json\/wp\/v2\/product_cat?post=3240"},{"taxonomy":"product_tag","embeddable":true,"href":"https:\/\/floristeriatrevol.com\/es\/wp-json\/wp\/v2\/product_tag?post=3240"}],"curies":[{"name":"wp","href":"https:\/\/api.w.org\/{rel}","templated":true}]}}