{"id":3239,"date":"2022-04-27T05:30:04","date_gmt":"2022-04-27T05:30:04","guid":{"rendered":"http:\/\/floristeriatrevol.com\/botiga\/arbol-de-la-vida-flor-unica\/"},"modified":"2022-04-27T05:30:04","modified_gmt":"2022-04-27T05:30:04","slug":"arbre-de-la-vida-flor-unica-2","status":"publish","type":"product","link":"https:\/\/floristeriatrevol.com\/es\/botiga\/arbre-de-la-vida-flor-unica-2\/","title":{"rendered":"\u00c1rbol de la vida, flor \u00fanica"},"content":{"rendered":"<p>La flor preservada nos aporta la belleza de la flor natural, y la duraci\u00f3n de la flor deshidratada. Intermediado un proceso de extracci\u00f3n de la humedad natural de la flor, se consigue una estabilizaci\u00f3n y que esta no se marchite, y perdure por lo tanto de tiempo como quieras. El color se aporta posteriormente con un tinte vegetal. La tenemos disponible con muchos colores, y muchas variedades de flores. No necesita agua!! Por su conservaci\u00f3n solo tenemos que tener en cuenta de no exponerla en la luz directo del sol, puesto que esto, nos podr\u00eda alterar r\u00e1pidamente la tonalidad de la flor. Es normal que con los meses el color del tinte se vaya atenuando. Los d\u00edas de mucha humedad, es posible que tanto la flor como los verdes, presenten aspecto de estar levemente mojadas. No sufras! este aspecto volver\u00e1 inmediatamente a la normalidad cuando el ambiente est\u00e9 m\u00e1s seco.<\/p>\n","protected":false},"excerpt":{"rendered":"<p>Detalle muy bonito, con flor preservada. \u00c1rbol de la vida de madera, con probeta de vidrio y rosa natural preservada. La rosa preservada no se marchita, y podr\u00e1 disfrutar de este detalle mucho de tiempo. El \u00e1rbol de madera, es un trabajo artesanal, tambi\u00e9n disponible en color lila y natural. Las rosas preservadas est\u00e1n disponibes en otros muchos colores, nos puedes consultar y har\u00e9mos tu trabajo personalizado. <\/p>\n","protected":false},"featured_media":3120,"template":"","meta":{"_joinchat":[]},"product_brand":[],"product_cat":[124,135,140,141],"product_tag":[172,173,180,161,186],"class_list":{"0":"post-3239","1":"product","2":"type-product","3":"status-publish","4":"has-post-thumbnail","6":"product_cat-dia-de-la-madre","7":"product_cat-preservados-es","8":"product_cat-san-valnetin","9":"product_cat-sorpresas-romanticas","10":"product_tag-flor-eterna-es","11":"product_tag-flor-preservada-es","12":"product_tag-flor-seca-es","13":"product_tag-regalar-flores","14":"product_tag-regalo","16":"first","17":"instock","18":"featured","19":"taxable","20":"shipping-taxable","21":"purchasable","22":"product-type-simple"},"_links":{"self":[{"href":"https:\/\/floristeriatrevol.com\/es\/wp-json\/wp\/v2\/product\/3239","targetHints":{"allow":["GET"]}}],"collection":[{"href":"https:\/\/floristeriatrevol.com\/es\/wp-json\/wp\/v2\/product"}],"about":[{"href":"https:\/\/floristeriatrevol.com\/es\/wp-json\/wp\/v2\/types\/product"}],"wp:featuredmedia":[{"embeddable":true,"href":"https:\/\/floristeriatrevol.com\/es\/wp-json\/wp\/v2\/media\/3120"}],"wp:attachment":[{"href":"https:\/\/floristeriatrevol.com\/es\/wp-json\/wp\/v2\/media?parent=3239"}],"wp:term":[{"taxonomy":"product_brand","embeddable":true,"href":"https:\/\/floristeriatrevol.com\/es\/wp-json\/wp\/v2\/product_brand?post=3239"},{"taxonomy":"product_cat","embeddable":true,"href":"https:\/\/floristeriatrevol.com\/es\/wp-json\/wp\/v2\/product_cat?post=3239"},{"taxonomy":"product_tag","embeddable":true,"href":"https:\/\/floristeriatrevol.com\/es\/wp-json\/wp\/v2\/product_tag?post=3239"}],"curies":[{"name":"wp","href":"https:\/\/api.w.org\/{rel}","templated":true}]}}