{"id":3232,"date":"2020-04-20T22:45:13","date_gmt":"2020-04-20T22:45:13","guid":{"rendered":"http:\/\/floristeriatrevol.com\/botiga\/ramo-gerbera\/"},"modified":"2020-04-20T22:45:13","modified_gmt":"2020-04-20T22:45:13","slug":"ram-gerbera-2","status":"publish","type":"product","link":"https:\/\/floristeriatrevol.com\/es\/botiga\/ram-gerbera-2\/","title":{"rendered":"Ramo Gerbera"},"content":{"rendered":"<p>Este ramo de flores es todo uno un encanto! Tres variedades de flores: rosas , gerberes y astromelias, en este caso en tonalidades rosadas. Ramo en gama de color, medida mediana, muy adecuada por un regalo en un d\u00eda se\u00f1alado o por un d\u00eda cualquiera. Aspecto primaveral, juvenil&#8230; Todas las flores que componen este ramo, tienen una buena duraci\u00f3n. Las astromelias, van abriendo poco a poco y descubriendo sus pistilos y tonalidades interiores. Por este ramo de flores, utilizamos papel creppe, que le da un aire de fantas\u00eda muy divertidos.<br \/>\nImaginas este mismo ramo de flores en otras tonalidades? Por ejemplo, con tonalidades c\u00e1lidas, amarillos y naranjas? Puede resultar una buena combinaci\u00f3n tambi\u00e9n, Todas las flores se pueden consegir con una amplia gama de colores, haciendo as\u00ed un ramo personalizado. Cons\u00faltanos y juntos valoramos opciones disponibles. Regalar flores es mucho f\u00e1cil!<\/p>\n","protected":false},"excerpt":{"rendered":"<p>Ramo con rosas y gerberes , complementado con flores de temporada. Delicado y muy dulce. Pick no incluido. Puedes escoger un pick en el apartado de complementos. Compra este ramo de flores ahora y nosotros nos encargamos de llevarlo a domicilio. Consulta posibilidad de confeccionar este ramo con otras tonalidades. puede haber molidas combinaciones!<\/p>\n<p><span style=\"font-size:75%; line-height:0px;\"> En este trabajo, la flor es de temporada, y se posible que nos vemos obligados a hacer alguna modificaci\u00f3n. Si desea ser avisado por whatsapp o llamada de tel\u00e9fono, en el caso de que se tenga que sustituir alg\u00fan elemento del trabajo, lo puede indicar al formulario de finalizaci\u00f3n de compra a notas de la el pedido. Si no desea ser avisado, nosotros escogeremos la mejor opci\u00f3n de sustituci\u00f3n, manteniendo o mejorando la calidad de la flor reemplazada.<\/span><\/p>\n","protected":false},"featured_media":2954,"template":"","meta":{"_joinchat":[]},"product_brand":[],"product_cat":[124,224,138],"product_tag":[154,183,158,161,162],"class_list":{"0":"post-3232","1":"product","2":"type-product","3":"status-publish","4":"has-post-thumbnail","6":"product_cat-dia-de-la-madre","7":"product_cat-ramos","8":"product_cat-ramos-de-flores-variadas","9":"product_tag-ramo-de-color-rosa","10":"product_tag-ramo-de-flores-es","11":"product_tag-ramo-de-gerberas","12":"product_tag-regalar-flores","13":"product_tag-regalar-ramos-de-flores","15":"first","16":"instock","17":"sold-individually","18":"taxable","19":"shipping-taxable","20":"purchasable","21":"product-type-simple"},"_links":{"self":[{"href":"https:\/\/floristeriatrevol.com\/es\/wp-json\/wp\/v2\/product\/3232","targetHints":{"allow":["GET"]}}],"collection":[{"href":"https:\/\/floristeriatrevol.com\/es\/wp-json\/wp\/v2\/product"}],"about":[{"href":"https:\/\/floristeriatrevol.com\/es\/wp-json\/wp\/v2\/types\/product"}],"wp:featuredmedia":[{"embeddable":true,"href":"https:\/\/floristeriatrevol.com\/es\/wp-json\/wp\/v2\/media\/2954"}],"wp:attachment":[{"href":"https:\/\/floristeriatrevol.com\/es\/wp-json\/wp\/v2\/media?parent=3232"}],"wp:term":[{"taxonomy":"product_brand","embeddable":true,"href":"https:\/\/floristeriatrevol.com\/es\/wp-json\/wp\/v2\/product_brand?post=3232"},{"taxonomy":"product_cat","embeddable":true,"href":"https:\/\/floristeriatrevol.com\/es\/wp-json\/wp\/v2\/product_cat?post=3232"},{"taxonomy":"product_tag","embeddable":true,"href":"https:\/\/floristeriatrevol.com\/es\/wp-json\/wp\/v2\/product_tag?post=3232"}],"curies":[{"name":"wp","href":"https:\/\/api.w.org\/{rel}","templated":true}]}}