{"id":3226,"date":"2021-01-31T09:54:59","date_gmt":"2021-01-31T09:54:59","guid":{"rendered":"http:\/\/floristeriatrevol.com\/botiga\/love-heart\/"},"modified":"2023-02-13T18:13:08","modified_gmt":"2023-02-13T18:13:08","slug":"love-heart","status":"publish","type":"product","link":"https:\/\/floristeriatrevol.com\/es\/botiga\/love-heart\/","title":{"rendered":"Love Heart"},"content":{"rendered":"<p>Ramo de flores con estructura de coraz\u00f3n, que lleva dos rosas y un peluche. . Como complemento, peque\u00f1as flores de paniculata y verdes. Envoltorio textil. Un detalle peque\u00f1o pero muy bonito, con detalles cuidados. La rosa lleva un peque\u00f1o detalle brillante. Todo ello hace del Love Heart un detalle floral muy dulce y que encaja en cualquier ocasi\u00f3n que se quiera transmitir un \u00abte quiero\u00bb.<\/p>\n","protected":false},"excerpt":{"rendered":"<p>Bonito detalle de flores naturales, con estructura en forma de coraz\u00f3n, con un peluche, dos rosas y sus complementos, hacen de este ramo un bonito detalle. Compra este ramo ahora y le haremos llegar a domilio o podr\u00e1s recogerlo en nuestra tienda.<\/p>\n<p>&nbsp;<\/p>\n","protected":false},"featured_media":3500,"template":"","meta":{"_joinchat":[]},"product_brand":[],"product_cat":[124,129,224,137,140,141],"product_tag":[],"class_list":{"0":"post-3226","1":"product","2":"type-product","3":"status-publish","4":"has-post-thumbnail","6":"product_cat-dia-de-la-madre","7":"product_cat-menos-de-25e","8":"product_cat-ramos","9":"product_cat-ramos-de-rosas","10":"product_cat-san-valnetin","11":"product_cat-sorpresas-romanticas","13":"first","14":"outofstock","15":"sold-individually","16":"taxable","17":"shipping-taxable","18":"purchasable","19":"product-type-simple"},"_links":{"self":[{"href":"https:\/\/floristeriatrevol.com\/es\/wp-json\/wp\/v2\/product\/3226","targetHints":{"allow":["GET"]}}],"collection":[{"href":"https:\/\/floristeriatrevol.com\/es\/wp-json\/wp\/v2\/product"}],"about":[{"href":"https:\/\/floristeriatrevol.com\/es\/wp-json\/wp\/v2\/types\/product"}],"wp:featuredmedia":[{"embeddable":true,"href":"https:\/\/floristeriatrevol.com\/es\/wp-json\/wp\/v2\/media\/3500"}],"wp:attachment":[{"href":"https:\/\/floristeriatrevol.com\/es\/wp-json\/wp\/v2\/media?parent=3226"}],"wp:term":[{"taxonomy":"product_brand","embeddable":true,"href":"https:\/\/floristeriatrevol.com\/es\/wp-json\/wp\/v2\/product_brand?post=3226"},{"taxonomy":"product_cat","embeddable":true,"href":"https:\/\/floristeriatrevol.com\/es\/wp-json\/wp\/v2\/product_cat?post=3226"},{"taxonomy":"product_tag","embeddable":true,"href":"https:\/\/floristeriatrevol.com\/es\/wp-json\/wp\/v2\/product_tag?post=3226"}],"curies":[{"name":"wp","href":"https:\/\/api.w.org\/{rel}","templated":true}]}}