{"id":3225,"date":"2021-02-01T22:21:40","date_gmt":"2021-02-01T22:21:40","guid":{"rendered":"http:\/\/floristeriatrevol.com\/botiga\/ramo-anthurium\/"},"modified":"2021-02-01T22:21:40","modified_gmt":"2021-02-01T22:21:40","slug":"ram-anthurium-2","status":"publish","type":"product","link":"https:\/\/floristeriatrevol.com\/es\/botiga\/ram-anthurium-2\/","title":{"rendered":"Ramo Anthurium"},"content":{"rendered":"<p>Ramo de flores pensado para impactar. Por su volumen, por su impacto visual del rojo sobre verde, y por las flores escogidas, de gran calidad y duraci\u00f3n. Anthurium rojo, una flor tropical, ex\u00f3tica, original. Estamos acostumbrados a verla con su planta, pero como flor cortada, tambi\u00e9n resulta muy interesante. Las rosas rojas medida extra, poco podemos a\u00f1adir de ellas, con solo que su s\u00edmbolo de elegancia y pasi\u00f3n. Gerberes rojas y lilium burdeus como resto de flores principales. Complementamos con peque\u00f1as flores de paniculata, que nos aportar\u00e1n luz a la composici\u00f3n y otras flores y verdes que armonizan con los elementos principales. Al dise\u00f1ar un ramo de flores con una gama de color predominante, nos aseguramos su elegancia, su sobriedad. De todas maneras, os recordamos que nos encanta personalizar vuestros ramos de flores, por lo tanto, si dese\u00e1is combinar otros colores, estamos aqu\u00ed para asesoraros y juntos, hacer una \u00f3ptima elecci\u00f3n.<\/p>\n","protected":false},"excerpt":{"rendered":"<p>Este ramo se espectacular, XL! Roses, anthuriums, gerberes y otras flores de temporada en tonalidades rojas, que contrastan con los verdes. De gran formato, no deja indiferente a nadie. Compra ahora el ramo Anthurium y lo haremos llegar a domicilio. Reparto diario de flores en Reus. Tambi\u00e9n a Tarragona y cercan\u00edas.<\/p>\n<p>Si prefieres este ramo con otras tonalidades, o de otra medida, cont\u00e1ctanos!<\/p>\n<p>En este trabajo, la flor es de temporada, y se posible que nos vemos obligados a hacer alguna modificaci\u00f3n. Si desea ser avisado por whatsapp o llamada de tel\u00e9fono, en el caso de que se tenga que sustituir alg\u00fan elemento del trabajo, lo puede indicar al formulario de finalizaci\u00f3n de compra a notas de la el pedido. Si no desea ser avisado, nosotros escogeremos la mejor opci\u00f3n de sustituci\u00f3n, manteniendo o mejorando la calidad de la flor reemplazada.<\/p>\n","protected":false},"featured_media":3046,"template":"","meta":{"_joinchat":[]},"product_brand":[],"product_cat":[224,138],"product_tag":[144,149,183,162],"class_list":{"0":"post-3225","1":"product","2":"type-product","3":"status-publish","4":"has-post-thumbnail","6":"product_cat-ramos","7":"product_cat-ramos-de-flores-variadas","8":"product_tag-anthurium-es","9":"product_tag-flores-tropicales","10":"product_tag-ramo-de-flores-es","11":"product_tag-regalar-ramos-de-flores","13":"first","14":"instock","15":"taxable","16":"shipping-taxable","17":"product-type-simple"},"_links":{"self":[{"href":"https:\/\/floristeriatrevol.com\/es\/wp-json\/wp\/v2\/product\/3225","targetHints":{"allow":["GET"]}}],"collection":[{"href":"https:\/\/floristeriatrevol.com\/es\/wp-json\/wp\/v2\/product"}],"about":[{"href":"https:\/\/floristeriatrevol.com\/es\/wp-json\/wp\/v2\/types\/product"}],"wp:featuredmedia":[{"embeddable":true,"href":"https:\/\/floristeriatrevol.com\/es\/wp-json\/wp\/v2\/media\/3046"}],"wp:attachment":[{"href":"https:\/\/floristeriatrevol.com\/es\/wp-json\/wp\/v2\/media?parent=3225"}],"wp:term":[{"taxonomy":"product_brand","embeddable":true,"href":"https:\/\/floristeriatrevol.com\/es\/wp-json\/wp\/v2\/product_brand?post=3225"},{"taxonomy":"product_cat","embeddable":true,"href":"https:\/\/floristeriatrevol.com\/es\/wp-json\/wp\/v2\/product_cat?post=3225"},{"taxonomy":"product_tag","embeddable":true,"href":"https:\/\/floristeriatrevol.com\/es\/wp-json\/wp\/v2\/product_tag?post=3225"}],"curies":[{"name":"wp","href":"https:\/\/api.w.org\/{rel}","templated":true}]}}