{"id":3223,"date":"2021-02-03T19:04:50","date_gmt":"2021-02-03T19:04:50","guid":{"rendered":"http:\/\/floristeriatrevol.com\/botiga\/ramo-de-rosas-purple\/"},"modified":"2021-02-03T19:04:50","modified_gmt":"2021-02-03T19:04:50","slug":"ram-de-roses-purple-2","status":"publish","type":"product","link":"https:\/\/floristeriatrevol.com\/es\/botiga\/ram-de-roses-purple-2\/","title":{"rendered":"Ramo de rosas purple"},"content":{"rendered":"<p>El matizado de colores de las rosas purple, oscila entre el fuccia intenso y el lila suave. Cada rosa es diferente, y en ellas podemos apreciar estas intensidades variables. Hemos acomanyat las rosas con eucaliptos, nuestro verde preferido, por su olor y su color verde azul atenuado. Tambi\u00e9n el eucalipto, dependiendo de la \u00e9poca del a\u00f1o presenta variaciones de color. Tambi\u00e9n hemos possat limonium azul, y paniculata. Unos complementos delicados que hacen que las rosas se luzcan mucho. Nuestros envoltorios, normalmente su textiles, o de rafia, y los vayamos variante regularment Por una buena conservaci\u00f3n de las rosas, tengas cura de mantener tu ramo alejado de fuentes de calor directo. Tambi\u00e9n es muy importante mantener el agua limpia, y cortar los tallos un cent\u00edmetro e diagonal, cada dos d\u00edas. As\u00ed cortamos la parte malograda del tallo, y nos aseguramos de que el agua hidrata la flor correctamente. <\/p>\n","protected":false},"excerpt":{"rendered":"<p>Toda una sorpresa estas flores matizadas. Bonito ramo de 10 tallos, acompa\u00f1adas de peque\u00f1as flores de paniculata, limonium y verdes El jarr\u00f3n no est\u00e1 incluido, puedes adquirir un jarr\u00f3n en el apartado de complementos. <\/p>\n<p>En este trabajo, la flor de complemento es de temporada, y se posible que nos vemos obligados a hacer alguna modificaci\u00f3n. Si desea ser avisado por whatsapp o llamada de tel\u00e9fono, en el caso de que se tenga que sustituir alg\u00fan elemento del trabajo, lo puede indicar al formulario de finalizaci\u00f3n de compra a notas de la el pedido. Si no desea ser avisado, nosotros escogeremos la mejor opci\u00f3n de sustituci\u00f3n, manteniendo o mejorando la calidad de la flor reemplazada.<\/p>\n","protected":false},"featured_media":3049,"template":"","meta":{"_joinchat":[]},"product_brand":[],"product_cat":[224,137],"product_tag":[183,192,199,163,166],"class_list":{"0":"post-3223","1":"product","2":"type-product","3":"status-publish","4":"has-post-thumbnail","6":"product_cat-ramos","7":"product_cat-ramos-de-rosas","8":"product_tag-ramo-de-flores-es","9":"product_tag-ramo-de-rosas","10":"product_tag-rosas","11":"product_tag-rosas-de-color","12":"product_tag-rosas-para-regalar","14":"first","15":"instock","16":"taxable","17":"shipping-taxable","18":"product-type-simple"},"_links":{"self":[{"href":"https:\/\/floristeriatrevol.com\/es\/wp-json\/wp\/v2\/product\/3223","targetHints":{"allow":["GET"]}}],"collection":[{"href":"https:\/\/floristeriatrevol.com\/es\/wp-json\/wp\/v2\/product"}],"about":[{"href":"https:\/\/floristeriatrevol.com\/es\/wp-json\/wp\/v2\/types\/product"}],"wp:featuredmedia":[{"embeddable":true,"href":"https:\/\/floristeriatrevol.com\/es\/wp-json\/wp\/v2\/media\/3049"}],"wp:attachment":[{"href":"https:\/\/floristeriatrevol.com\/es\/wp-json\/wp\/v2\/media?parent=3223"}],"wp:term":[{"taxonomy":"product_brand","embeddable":true,"href":"https:\/\/floristeriatrevol.com\/es\/wp-json\/wp\/v2\/product_brand?post=3223"},{"taxonomy":"product_cat","embeddable":true,"href":"https:\/\/floristeriatrevol.com\/es\/wp-json\/wp\/v2\/product_cat?post=3223"},{"taxonomy":"product_tag","embeddable":true,"href":"https:\/\/floristeriatrevol.com\/es\/wp-json\/wp\/v2\/product_tag?post=3223"}],"curies":[{"name":"wp","href":"https:\/\/api.w.org\/{rel}","templated":true}]}}