{"id":3222,"date":"2021-02-03T19:10:52","date_gmt":"2021-02-03T19:10:52","guid":{"rendered":"http:\/\/floristeriatrevol.com\/botiga\/ramo-de-rosas-amarillas\/"},"modified":"2021-02-03T19:10:52","modified_gmt":"2021-02-03T19:10:52","slug":"ram-de-roses-grogues-2","status":"publish","type":"product","link":"https:\/\/floristeriatrevol.com\/es\/botiga\/ram-de-roses-grogues-2\/","title":{"rendered":"Ramo de rosas amarillas"},"content":{"rendered":"<p>Alternativa al cl\u00e1sico ramo de rosas rojas. Seis rosas de gran calidad , acompa\u00f1ada con una combinaci\u00f3n de verdes y mini flor de complemento. Cuidamos todos los detalles, envolviendo nuestros ramos de flores con envoltorios textiles, rafia, o materiales diversos, que vayamos renovando muy a menudo. Este ramo est\u00e1 confeccionado en forma escalonada, as\u00ed lucen mucho todas las flores , a la vez que conseguimos un mayor volumen. Si quieres conservar las rosas el m\u00e1ximo tiempo posible, te recomendamos cambiar el agua cada dos d\u00edas. Al hacerlo, talla las tallos 1 cent\u00edmetro en diagonal. Y si pones unos cubitos de hielo al agua, tambi\u00e9n ayudar\u00e1 a mantener las flores frescas por m\u00e1s tiempo. Enviamos tu ramo de rosas a domicilio o lo puedes recoger en nuestra tienda. <\/p>\n","protected":false},"excerpt":{"rendered":"<p>Ramo de 6 rosas amarillas, acompanyado de peque\u00f1as flores y verdes. Para variar!! Fez que le llegue este ramo de rosas amarillas a Reus o cercan\u00edas con una nota muy especial. Seguro que le encantar\u00e1. <\/p>\n","protected":false},"featured_media":3051,"template":"","meta":{"_joinchat":[]},"product_brand":[],"product_cat":[224,138,137,139],"product_tag":[155,159,192,164,165],"class_list":{"0":"post-3222","1":"product","2":"type-product","3":"status-publish","4":"has-post-thumbnail","6":"product_cat-ramos","7":"product_cat-ramos-de-flores-variadas","8":"product_cat-ramos-de-rosas","9":"product_cat-sant-jordi-es","10":"product_tag-ramo-de-flores-a-domicilio","11":"product_tag-ramo-de-regalo","12":"product_tag-ramo-de-rosas","13":"product_tag-rosas-amarillas","14":"product_tag-rosas-holandesas","16":"first","17":"instock","18":"taxable","19":"shipping-taxable","20":"product-type-simple"},"_links":{"self":[{"href":"https:\/\/floristeriatrevol.com\/es\/wp-json\/wp\/v2\/product\/3222","targetHints":{"allow":["GET"]}}],"collection":[{"href":"https:\/\/floristeriatrevol.com\/es\/wp-json\/wp\/v2\/product"}],"about":[{"href":"https:\/\/floristeriatrevol.com\/es\/wp-json\/wp\/v2\/types\/product"}],"wp:featuredmedia":[{"embeddable":true,"href":"https:\/\/floristeriatrevol.com\/es\/wp-json\/wp\/v2\/media\/3051"}],"wp:attachment":[{"href":"https:\/\/floristeriatrevol.com\/es\/wp-json\/wp\/v2\/media?parent=3222"}],"wp:term":[{"taxonomy":"product_brand","embeddable":true,"href":"https:\/\/floristeriatrevol.com\/es\/wp-json\/wp\/v2\/product_brand?post=3222"},{"taxonomy":"product_cat","embeddable":true,"href":"https:\/\/floristeriatrevol.com\/es\/wp-json\/wp\/v2\/product_cat?post=3222"},{"taxonomy":"product_tag","embeddable":true,"href":"https:\/\/floristeriatrevol.com\/es\/wp-json\/wp\/v2\/product_tag?post=3222"}],"curies":[{"name":"wp","href":"https:\/\/api.w.org\/{rel}","templated":true}]}}